{"id":70015,"date":"2024-02-29T11:12:21","date_gmt":"2024-02-29T09:12:21","guid":{"rendered":"https:\/\/rezekne.citro.lv\/veikals\/karamele-uz-kocina-tulpe-ar-auglu-ogu-garsu-50g\/"},"modified":"2024-03-28T23:00:59","modified_gmt":"2024-03-28T21:00:59","slug":"karamele-uz-kocina-tulpe-ar-auglu-ogu-garsu-50g","status":"publish","type":"product","link":"https:\/\/rezekne.citro.lv\/ru\/product\/karamele-uz-kocina-tulpe-ar-auglu-ogu-garsu-50g\/","title":{"rendered":"KARAMELE UZ KOCI\u0145A TULPE AR AUG\u013bU-OGU GAR\u0160U 50G"},"content":{"rendered":"","protected":false},"excerpt":{"rendered":"<p>19.80 \u20ac\/KG<\/p>\n","protected":false},"featured_media":0,"template":"","meta":{"_acf_changed":false,"inline_featured_image":false},"product_cat":[125,201],"product_tag":[],"acf":[],"aioseo_notices":[],"_links":{"self":[{"href":"https:\/\/rezekne.citro.lv\/ru\/wp-json\/wp\/v2\/product\/70015"}],"collection":[{"href":"https:\/\/rezekne.citro.lv\/ru\/wp-json\/wp\/v2\/product"}],"about":[{"href":"https:\/\/rezekne.citro.lv\/ru\/wp-json\/wp\/v2\/types\/product"}],"wp:attachment":[{"href":"https:\/\/rezekne.citro.lv\/ru\/wp-json\/wp\/v2\/media?parent=70015"}],"wp:term":[{"taxonomy":"product_cat","embeddable":true,"href":"https:\/\/rezekne.citro.lv\/ru\/wp-json\/wp\/v2\/product_cat?post=70015"},{"taxonomy":"product_tag","embeddable":true,"href":"https:\/\/rezekne.citro.lv\/ru\/wp-json\/wp\/v2\/product_tag?post=70015"}],"curies":[{"name":"wp","href":"https:\/\/api.w.org\/{rel}","templated":true}]}}