{"id":70051,"date":"2025-12-04T00:30:16","date_gmt":"2025-12-03T22:30:16","guid":{"rendered":"https:\/\/rezekne.citro.lv\/veikals\/pupinas-baltas-tomatu-merce-bonduelle-430g\/"},"modified":"2026-03-20T06:03:31","modified_gmt":"2026-03-20T04:03:31","slug":"pupinas-baltas-tomatu-merce-bonduelle-430g","status":"publish","type":"product","link":"https:\/\/rezekne.citro.lv\/ru\/product\/pupinas-baltas-tomatu-merce-bonduelle-430g\/","title":{"rendered":"PUPI\u0145AS BALT\u0100S TOM\u0100TU M\u0112RC\u0112 BONDUELLE 430G"},"content":{"rendered":"<p>Izcelsmes valsts: Ung\u0101rija<\/p>\n","protected":false},"excerpt":{"rendered":"<p>4.63 \u20ac\/KG<\/p>\n","protected":false},"featured_media":69513,"template":"","meta":{"_acf_changed":false,"inline_featured_image":false},"product_cat":[103,137],"product_tag":[],"acf":[],"aioseo_notices":[],"_links":{"self":[{"href":"https:\/\/rezekne.citro.lv\/ru\/wp-json\/wp\/v2\/product\/70051"}],"collection":[{"href":"https:\/\/rezekne.citro.lv\/ru\/wp-json\/wp\/v2\/product"}],"about":[{"href":"https:\/\/rezekne.citro.lv\/ru\/wp-json\/wp\/v2\/types\/product"}],"wp:featuredmedia":[{"embeddable":true,"href":"https:\/\/rezekne.citro.lv\/ru\/wp-json\/wp\/v2\/media\/69513"}],"wp:attachment":[{"href":"https:\/\/rezekne.citro.lv\/ru\/wp-json\/wp\/v2\/media?parent=70051"}],"wp:term":[{"taxonomy":"product_cat","embeddable":true,"href":"https:\/\/rezekne.citro.lv\/ru\/wp-json\/wp\/v2\/product_cat?post=70051"},{"taxonomy":"product_tag","embeddable":true,"href":"https:\/\/rezekne.citro.lv\/ru\/wp-json\/wp\/v2\/product_tag?post=70051"}],"curies":[{"name":"wp","href":"https:\/\/api.w.org\/{rel}","templated":true}]}}