{"id":70073,"date":"2026-04-23T00:33:08","date_gmt":"2026-04-22T21:33:08","guid":{"rendered":"https:\/\/rezekne.citro.lv\/veikals\/bariba-kakiem-kons-gourmet-gold-ar-jeru-un-z-pupinam-85g\/"},"modified":"2026-05-06T12:00:37","modified_gmt":"2026-05-06T09:00:37","slug":"bariba-kakiem-kons-gourmet-gold-ar-jeru-un-z-pupinam-85g","status":"publish","type":"product","link":"https:\/\/rezekne.citro.lv\/ru\/product\/bariba-kakiem-kons-gourmet-gold-ar-jeru-un-z-pupinam-85g\/","title":{"rendered":"BAR\u012aBA KA\u0136IEM KONS. GOURMET GOLD AR J\u0112RU UN Z.PUPI\u0145\u0100M 85G"},"content":{"rendered":"<p>Izcelsmes valsts: Francija<\/p>\n","protected":false},"excerpt":{"rendered":"<p>8.12 \u20ac\/KG<\/p>\n","protected":false},"featured_media":70086,"template":"","meta":{"_acf_changed":false,"inline_featured_image":false},"product_cat":[153,175],"product_tag":[],"acf":[],"aioseo_notices":[],"_links":{"self":[{"href":"https:\/\/rezekne.citro.lv\/ru\/wp-json\/wp\/v2\/product\/70073"}],"collection":[{"href":"https:\/\/rezekne.citro.lv\/ru\/wp-json\/wp\/v2\/product"}],"about":[{"href":"https:\/\/rezekne.citro.lv\/ru\/wp-json\/wp\/v2\/types\/product"}],"wp:featuredmedia":[{"embeddable":true,"href":"https:\/\/rezekne.citro.lv\/ru\/wp-json\/wp\/v2\/media\/70086"}],"wp:attachment":[{"href":"https:\/\/rezekne.citro.lv\/ru\/wp-json\/wp\/v2\/media?parent=70073"}],"wp:term":[{"taxonomy":"product_cat","embeddable":true,"href":"https:\/\/rezekne.citro.lv\/ru\/wp-json\/wp\/v2\/product_cat?post=70073"},{"taxonomy":"product_tag","embeddable":true,"href":"https:\/\/rezekne.citro.lv\/ru\/wp-json\/wp\/v2\/product_tag?post=70073"}],"curies":[{"name":"wp","href":"https:\/\/api.w.org\/{rel}","templated":true}]}}