{"id":70079,"date":"2026-03-26T00:33:38","date_gmt":"2026-03-25T22:33:38","guid":{"rendered":"https:\/\/rezekne.citro.lv\/veikals\/saulespuku-seklas-ar-siera-garsu-150g\/"},"modified":"2026-04-27T06:03:38","modified_gmt":"2026-04-27T03:03:38","slug":"saulespuku-seklas-ar-siera-garsu-150g","status":"publish","type":"product","link":"https:\/\/rezekne.citro.lv\/ru\/product\/saulespuku-seklas-ar-siera-garsu-150g\/","title":{"rendered":"SAULESPU\u0136U S\u0112KLAS AR SIERA GAR\u0160U 150G"},"content":{"rendered":"<p>Izcelsmes valsts: Lietuva<\/p>\n","protected":false},"excerpt":{"rendered":"<p>12.60 \u20ac\/KG<\/p>\n","protected":false},"featured_media":70081,"template":"","meta":{"_acf_changed":false,"inline_featured_image":false},"product_cat":[125,197],"product_tag":[],"acf":[],"aioseo_notices":[],"_links":{"self":[{"href":"https:\/\/rezekne.citro.lv\/ru\/wp-json\/wp\/v2\/product\/70079"}],"collection":[{"href":"https:\/\/rezekne.citro.lv\/ru\/wp-json\/wp\/v2\/product"}],"about":[{"href":"https:\/\/rezekne.citro.lv\/ru\/wp-json\/wp\/v2\/types\/product"}],"wp:featuredmedia":[{"embeddable":true,"href":"https:\/\/rezekne.citro.lv\/ru\/wp-json\/wp\/v2\/media\/70081"}],"wp:attachment":[{"href":"https:\/\/rezekne.citro.lv\/ru\/wp-json\/wp\/v2\/media?parent=70079"}],"wp:term":[{"taxonomy":"product_cat","embeddable":true,"href":"https:\/\/rezekne.citro.lv\/ru\/wp-json\/wp\/v2\/product_cat?post=70079"},{"taxonomy":"product_tag","embeddable":true,"href":"https:\/\/rezekne.citro.lv\/ru\/wp-json\/wp\/v2\/product_tag?post=70079"}],"curies":[{"name":"wp","href":"https:\/\/api.w.org\/{rel}","templated":true}]}}