{"id":70277,"date":"2026-04-23T00:16:18","date_gmt":"2026-04-22T21:16:18","guid":{"rendered":"https:\/\/rezekne.citro.lv\/veikals\/jogurts-rasens-zemenu-bananu-ar-sok-konfekt-110g\/"},"modified":"2026-05-10T06:02:01","modified_gmt":"2026-05-10T03:02:01","slug":"jogurts-rasens-zemenu-bananu-ar-sok-konfekt-110g","status":"publish","type":"product","link":"https:\/\/rezekne.citro.lv\/ru\/product\/jogurts-rasens-zemenu-bananu-ar-sok-konfekt-110g\/","title":{"rendered":"JOGURTS RAS\u0112NS ZEME\u0145U BAN\u0100NU AR \u0160OK.KONFEKT.110G"},"content":{"rendered":"<p>Izcelsmes valsts: Latvija<\/p>\n","protected":false},"excerpt":{"rendered":"<p>7.18 \u20ac\/KG<\/p>\n","protected":false},"featured_media":70418,"template":"","meta":{"_acf_changed":false,"inline_featured_image":false},"product_cat":[95,100],"product_tag":[],"acf":[],"aioseo_notices":[],"_links":{"self":[{"href":"https:\/\/rezekne.citro.lv\/ru\/wp-json\/wp\/v2\/product\/70277"}],"collection":[{"href":"https:\/\/rezekne.citro.lv\/ru\/wp-json\/wp\/v2\/product"}],"about":[{"href":"https:\/\/rezekne.citro.lv\/ru\/wp-json\/wp\/v2\/types\/product"}],"wp:featuredmedia":[{"embeddable":true,"href":"https:\/\/rezekne.citro.lv\/ru\/wp-json\/wp\/v2\/media\/70418"}],"wp:attachment":[{"href":"https:\/\/rezekne.citro.lv\/ru\/wp-json\/wp\/v2\/media?parent=70277"}],"wp:term":[{"taxonomy":"product_cat","embeddable":true,"href":"https:\/\/rezekne.citro.lv\/ru\/wp-json\/wp\/v2\/product_cat?post=70277"},{"taxonomy":"product_tag","embeddable":true,"href":"https:\/\/rezekne.citro.lv\/ru\/wp-json\/wp\/v2\/product_tag?post=70277"}],"curies":[{"name":"wp","href":"https:\/\/api.w.org\/{rel}","templated":true}]}}