{"id":70283,"date":"2026-01-29T00:17:32","date_gmt":"2026-01-28T22:17:32","guid":{"rendered":"https:\/\/rezekne.citro.lv\/veikals\/konservi-tuncis-svitrains-gabalos-sava-sula-185-130g\/"},"modified":"2026-04-08T09:02:43","modified_gmt":"2026-04-08T06:02:43","slug":"konservi-tuncis-svitrains-gabalos-sava-sula-185-130g","status":"publish","type":"product","link":"https:\/\/rezekne.citro.lv\/ru\/product\/konservi-tuncis-svitrains-gabalos-sava-sula-185-130g\/","title":{"rendered":"KONSERVI TUNCIS SV\u012aTRAINS GABALOS SAV\u0100 SUL\u0100 185\/130G"},"content":{"rendered":"<p>Izcelsmes valsts: \u0136\u012bna<\/p>\n","protected":false},"excerpt":{"rendered":"<p>17.62 \u20ac\/KG<\/p>\n","protected":false},"featured_media":70510,"template":"","meta":{"_acf_changed":false,"inline_featured_image":false},"product_cat":[135,136],"product_tag":[],"acf":[],"aioseo_notices":[],"_links":{"self":[{"href":"https:\/\/rezekne.citro.lv\/ru\/wp-json\/wp\/v2\/product\/70283"}],"collection":[{"href":"https:\/\/rezekne.citro.lv\/ru\/wp-json\/wp\/v2\/product"}],"about":[{"href":"https:\/\/rezekne.citro.lv\/ru\/wp-json\/wp\/v2\/types\/product"}],"wp:featuredmedia":[{"embeddable":true,"href":"https:\/\/rezekne.citro.lv\/ru\/wp-json\/wp\/v2\/media\/70510"}],"wp:attachment":[{"href":"https:\/\/rezekne.citro.lv\/ru\/wp-json\/wp\/v2\/media?parent=70283"}],"wp:term":[{"taxonomy":"product_cat","embeddable":true,"href":"https:\/\/rezekne.citro.lv\/ru\/wp-json\/wp\/v2\/product_cat?post=70283"},{"taxonomy":"product_tag","embeddable":true,"href":"https:\/\/rezekne.citro.lv\/ru\/wp-json\/wp\/v2\/product_tag?post=70283"}],"curies":[{"name":"wp","href":"https:\/\/api.w.org\/{rel}","templated":true}]}}