{"id":70298,"date":"2026-05-14T00:02:07","date_gmt":"2026-05-13T21:02:07","guid":{"rendered":"https:\/\/rezekne.citro.lv\/veikals\/lapu-salati-podinos-zalie-250g\/"},"modified":"2026-05-14T06:00:24","modified_gmt":"2026-05-14T03:00:24","slug":"lapu-salati-podinos-zalie-250g","status":"publish","type":"product","link":"https:\/\/rezekne.citro.lv\/ru\/product\/lapu-salati-podinos-zalie-250g\/","title":{"rendered":"LAPU SAL\u0100TI PODI\u0145OS ZA\u013bIE 250G"},"content":{"rendered":"<p>Izcelsmes valsts: Latvija<br \/>\nLATVIJA 2.\u0160\u0136.<\/p>\n","protected":false},"excerpt":{"rendered":"<p>3.96 \u20ac\/KG<\/p>\n","protected":false},"featured_media":79899,"template":"","meta":{"_acf_changed":false,"inline_featured_image":false},"product_cat":[97,99],"product_tag":[],"acf":[],"aioseo_notices":[],"_links":{"self":[{"href":"https:\/\/rezekne.citro.lv\/ru\/wp-json\/wp\/v2\/product\/70298"}],"collection":[{"href":"https:\/\/rezekne.citro.lv\/ru\/wp-json\/wp\/v2\/product"}],"about":[{"href":"https:\/\/rezekne.citro.lv\/ru\/wp-json\/wp\/v2\/types\/product"}],"wp:featuredmedia":[{"embeddable":true,"href":"https:\/\/rezekne.citro.lv\/ru\/wp-json\/wp\/v2\/media\/79899"}],"wp:attachment":[{"href":"https:\/\/rezekne.citro.lv\/ru\/wp-json\/wp\/v2\/media?parent=70298"}],"wp:term":[{"taxonomy":"product_cat","embeddable":true,"href":"https:\/\/rezekne.citro.lv\/ru\/wp-json\/wp\/v2\/product_cat?post=70298"},{"taxonomy":"product_tag","embeddable":true,"href":"https:\/\/rezekne.citro.lv\/ru\/wp-json\/wp\/v2\/product_tag?post=70298"}],"curies":[{"name":"wp","href":"https:\/\/api.w.org\/{rel}","templated":true}]}}