{"id":70299,"date":"2026-04-09T00:03:59","date_gmt":"2026-04-08T21:03:59","guid":{"rendered":"https:\/\/rezekne.citro.lv\/veikals\/rozines-jumbo-arimex-500g\/"},"modified":"2026-04-09T00:04:03","modified_gmt":"2026-04-08T21:04:03","slug":"rozines-jumbo-arimex-500g","status":"publish","type":"product","link":"https:\/\/rezekne.citro.lv\/ru\/product\/rozines-jumbo-arimex-500g\/","title":{"rendered":"ROZ\u012aNES JUMBO ARIMEX 500G"},"content":{"rendered":"<p>Izcelsmes valsts: \u010c\u012ble<\/p>\n","protected":false},"excerpt":{"rendered":"<p>7.98 \u20ac\/KG<\/p>\n","protected":false},"featured_media":70711,"template":"","meta":{"_acf_changed":false,"inline_featured_image":false},"product_cat":[125,543],"product_tag":[],"acf":[],"aioseo_notices":[],"_links":{"self":[{"href":"https:\/\/rezekne.citro.lv\/ru\/wp-json\/wp\/v2\/product\/70299"}],"collection":[{"href":"https:\/\/rezekne.citro.lv\/ru\/wp-json\/wp\/v2\/product"}],"about":[{"href":"https:\/\/rezekne.citro.lv\/ru\/wp-json\/wp\/v2\/types\/product"}],"wp:featuredmedia":[{"embeddable":true,"href":"https:\/\/rezekne.citro.lv\/ru\/wp-json\/wp\/v2\/media\/70711"}],"wp:attachment":[{"href":"https:\/\/rezekne.citro.lv\/ru\/wp-json\/wp\/v2\/media?parent=70299"}],"wp:term":[{"taxonomy":"product_cat","embeddable":true,"href":"https:\/\/rezekne.citro.lv\/ru\/wp-json\/wp\/v2\/product_cat?post=70299"},{"taxonomy":"product_tag","embeddable":true,"href":"https:\/\/rezekne.citro.lv\/ru\/wp-json\/wp\/v2\/product_tag?post=70299"}],"curies":[{"name":"wp","href":"https:\/\/api.w.org\/{rel}","templated":true}]}}