{"id":70813,"date":"2026-04-23T00:03:00","date_gmt":"2026-04-22T21:03:00","guid":{"rendered":"https:\/\/rezekne.citro.lv\/veikals\/kremsiers-castello-ar-tomatiem-un-baziliku-125g\/"},"modified":"2026-04-23T00:03:01","modified_gmt":"2026-04-22T21:03:01","slug":"kremsiers-castello-ar-tomatiem-un-baziliku-125g","status":"publish","type":"product","link":"https:\/\/rezekne.citro.lv\/ru\/product\/kremsiers-castello-ar-tomatiem-un-baziliku-125g\/","title":{"rendered":"KR\u0112MSIERS CASTELLO AR TOM\u0100TIEM UN BAZILIKU 125G"},"content":{"rendered":"<p>Izcelsmes valsts: D\u0101nija<\/p>\n","protected":false},"excerpt":{"rendered":"<p>20.72 \u20ac\/KG<\/p>\n","protected":false},"featured_media":71775,"template":"","meta":{"_acf_changed":false,"inline_featured_image":false},"product_cat":[95,535],"product_tag":[],"acf":[],"aioseo_notices":[],"_links":{"self":[{"href":"https:\/\/rezekne.citro.lv\/ru\/wp-json\/wp\/v2\/product\/70813"}],"collection":[{"href":"https:\/\/rezekne.citro.lv\/ru\/wp-json\/wp\/v2\/product"}],"about":[{"href":"https:\/\/rezekne.citro.lv\/ru\/wp-json\/wp\/v2\/types\/product"}],"wp:featuredmedia":[{"embeddable":true,"href":"https:\/\/rezekne.citro.lv\/ru\/wp-json\/wp\/v2\/media\/71775"}],"wp:attachment":[{"href":"https:\/\/rezekne.citro.lv\/ru\/wp-json\/wp\/v2\/media?parent=70813"}],"wp:term":[{"taxonomy":"product_cat","embeddable":true,"href":"https:\/\/rezekne.citro.lv\/ru\/wp-json\/wp\/v2\/product_cat?post=70813"},{"taxonomy":"product_tag","embeddable":true,"href":"https:\/\/rezekne.citro.lv\/ru\/wp-json\/wp\/v2\/product_tag?post=70813"}],"curies":[{"name":"wp","href":"https:\/\/api.w.org\/{rel}","templated":true}]}}