{"id":70833,"date":"2026-04-23T01:17:56","date_gmt":"2026-04-22T22:17:56","guid":{"rendered":"https:\/\/rezekne.citro.lv\/veikals\/desinas-mini-ar-sieru-bez-apvalka-varitas-fas-kg-forevers\/"},"modified":"2026-04-25T09:00:29","modified_gmt":"2026-04-25T06:00:29","slug":"desinas-mini-ar-sieru-bez-apvalka-varitas-fas-kg-forevers","status":"publish","type":"product","link":"https:\/\/rezekne.citro.lv\/ru\/product\/desinas-mini-ar-sieru-bez-apvalka-varitas-fas-kg-forevers\/","title":{"rendered":"DESI\u0145AS MINI AR SIERU BEZ APVALKA V\u0100R\u012aTAS FAS. KG  FOREVERS"},"content":{"rendered":"<p>Izcelsmes valsts: Latvija<\/p>\n","protected":false},"excerpt":{"rendered":"<p>5.29 \u20ac\/KG<\/p>\n","protected":false},"featured_media":70880,"template":"","meta":{"_acf_changed":false,"inline_featured_image":false},"product_cat":[135,192],"product_tag":[],"acf":[],"aioseo_notices":[],"_links":{"self":[{"href":"https:\/\/rezekne.citro.lv\/ru\/wp-json\/wp\/v2\/product\/70833"}],"collection":[{"href":"https:\/\/rezekne.citro.lv\/ru\/wp-json\/wp\/v2\/product"}],"about":[{"href":"https:\/\/rezekne.citro.lv\/ru\/wp-json\/wp\/v2\/types\/product"}],"wp:featuredmedia":[{"embeddable":true,"href":"https:\/\/rezekne.citro.lv\/ru\/wp-json\/wp\/v2\/media\/70880"}],"wp:attachment":[{"href":"https:\/\/rezekne.citro.lv\/ru\/wp-json\/wp\/v2\/media?parent=70833"}],"wp:term":[{"taxonomy":"product_cat","embeddable":true,"href":"https:\/\/rezekne.citro.lv\/ru\/wp-json\/wp\/v2\/product_cat?post=70833"},{"taxonomy":"product_tag","embeddable":true,"href":"https:\/\/rezekne.citro.lv\/ru\/wp-json\/wp\/v2\/product_tag?post=70833"}],"curies":[{"name":"wp","href":"https:\/\/api.w.org\/{rel}","templated":true}]}}