{"id":70842,"date":"2026-02-12T00:04:09","date_gmt":"2026-02-11T22:04:09","guid":{"rendered":"https:\/\/rezekne.citro.lv\/veikals\/batonins-ar-sezama-seklam-un-medus-garsu-27g\/"},"modified":"2026-04-29T06:03:02","modified_gmt":"2026-04-29T03:03:02","slug":"batonins-ar-sezama-seklam-un-medus-garsu-27g","status":"publish","type":"product","link":"https:\/\/rezekne.citro.lv\/ru\/product\/batonins-ar-sezama-seklam-un-medus-garsu-27g\/","title":{"rendered":"BATONI\u0145\u0160 AR SEZAMA S\u0112KL\u0100M UN MEDUS GAR\u0160U 27G"},"content":{"rendered":"<p>Izcelsmes valsts: Lietuva<\/p>\n","protected":false},"excerpt":{"rendered":"<p>14.44 \u20ac\/KG<\/p>\n","protected":false},"featured_media":74383,"template":"","meta":{"_acf_changed":false,"inline_featured_image":false},"product_cat":[125,134],"product_tag":[],"acf":[],"aioseo_notices":[],"_links":{"self":[{"href":"https:\/\/rezekne.citro.lv\/ru\/wp-json\/wp\/v2\/product\/70842"}],"collection":[{"href":"https:\/\/rezekne.citro.lv\/ru\/wp-json\/wp\/v2\/product"}],"about":[{"href":"https:\/\/rezekne.citro.lv\/ru\/wp-json\/wp\/v2\/types\/product"}],"wp:featuredmedia":[{"embeddable":true,"href":"https:\/\/rezekne.citro.lv\/ru\/wp-json\/wp\/v2\/media\/74383"}],"wp:attachment":[{"href":"https:\/\/rezekne.citro.lv\/ru\/wp-json\/wp\/v2\/media?parent=70842"}],"wp:term":[{"taxonomy":"product_cat","embeddable":true,"href":"https:\/\/rezekne.citro.lv\/ru\/wp-json\/wp\/v2\/product_cat?post=70842"},{"taxonomy":"product_tag","embeddable":true,"href":"https:\/\/rezekne.citro.lv\/ru\/wp-json\/wp\/v2\/product_tag?post=70842"}],"curies":[{"name":"wp","href":"https:\/\/api.w.org\/{rel}","templated":true}]}}