{"id":70850,"date":"2026-04-23T00:30:15","date_gmt":"2026-04-22T21:30:15","guid":{"rendered":"https:\/\/rezekne.citro.lv\/veikals\/kompots-no-plumju-pusitem-bez-kauliniem-720-220g\/"},"modified":"2026-05-15T06:02:32","modified_gmt":"2026-05-15T03:02:32","slug":"kompots-no-plumju-pusitem-bez-kauliniem-720-220g","status":"publish","type":"product","link":"https:\/\/rezekne.citro.lv\/ru\/product\/kompots-no-plumju-pusitem-bez-kauliniem-720-220g\/","title":{"rendered":"KOMPOTS NO PL\u016aMJU PUS\u012aT\u0112M BEZ KAULI\u0145IEM 720\/220G"},"content":{"rendered":"<p>Izcelsmes valsts: Polija<\/p>\n","protected":false},"excerpt":{"rendered":"<p>9.05 \u20ac\/KG<\/p>\n","protected":false},"featured_media":71181,"template":"","meta":{"_acf_changed":false,"inline_featured_image":false},"product_cat":[103,193],"product_tag":[],"acf":[],"aioseo_notices":[],"_links":{"self":[{"href":"https:\/\/rezekne.citro.lv\/ru\/wp-json\/wp\/v2\/product\/70850"}],"collection":[{"href":"https:\/\/rezekne.citro.lv\/ru\/wp-json\/wp\/v2\/product"}],"about":[{"href":"https:\/\/rezekne.citro.lv\/ru\/wp-json\/wp\/v2\/types\/product"}],"wp:featuredmedia":[{"embeddable":true,"href":"https:\/\/rezekne.citro.lv\/ru\/wp-json\/wp\/v2\/media\/71181"}],"wp:attachment":[{"href":"https:\/\/rezekne.citro.lv\/ru\/wp-json\/wp\/v2\/media?parent=70850"}],"wp:term":[{"taxonomy":"product_cat","embeddable":true,"href":"https:\/\/rezekne.citro.lv\/ru\/wp-json\/wp\/v2\/product_cat?post=70850"},{"taxonomy":"product_tag","embeddable":true,"href":"https:\/\/rezekne.citro.lv\/ru\/wp-json\/wp\/v2\/product_tag?post=70850"}],"curies":[{"name":"wp","href":"https:\/\/api.w.org\/{rel}","templated":true}]}}