{"id":70855,"date":"2025-12-16T00:01:56","date_gmt":"2025-12-15T22:01:56","guid":{"rendered":"https:\/\/rezekne.citro.lv\/veikals\/tirisanas-lidzeklis-ajax-floriol-fiesta-zals-universals-1l\/"},"modified":"2026-03-30T06:02:42","modified_gmt":"2026-03-30T03:02:42","slug":"tirisanas-lidzeklis-ajax-floriol-fiesta-zals-universals-1l","status":"publish","type":"product","link":"https:\/\/rezekne.citro.lv\/ru\/product\/tirisanas-lidzeklis-ajax-floriol-fiesta-zals-universals-1l\/","title":{"rendered":"T\u012aR\u012a\u0160ANAS L\u012aDZEKLIS AJAX FLORIOL FIESTA ZA\u013bS UNIVERS\u0100LS 1L"},"content":{"rendered":"","protected":false},"excerpt":{"rendered":"<p>1.99 \u20ac\/L<\/p>\n","protected":false},"featured_media":71154,"template":"","meta":{"_acf_changed":false,"inline_featured_image":false},"product_cat":[131,169],"product_tag":[],"acf":[],"aioseo_notices":[],"_links":{"self":[{"href":"https:\/\/rezekne.citro.lv\/ru\/wp-json\/wp\/v2\/product\/70855"}],"collection":[{"href":"https:\/\/rezekne.citro.lv\/ru\/wp-json\/wp\/v2\/product"}],"about":[{"href":"https:\/\/rezekne.citro.lv\/ru\/wp-json\/wp\/v2\/types\/product"}],"wp:featuredmedia":[{"embeddable":true,"href":"https:\/\/rezekne.citro.lv\/ru\/wp-json\/wp\/v2\/media\/71154"}],"wp:attachment":[{"href":"https:\/\/rezekne.citro.lv\/ru\/wp-json\/wp\/v2\/media?parent=70855"}],"wp:term":[{"taxonomy":"product_cat","embeddable":true,"href":"https:\/\/rezekne.citro.lv\/ru\/wp-json\/wp\/v2\/product_cat?post=70855"},{"taxonomy":"product_tag","embeddable":true,"href":"https:\/\/rezekne.citro.lv\/ru\/wp-json\/wp\/v2\/product_tag?post=70855"}],"curies":[{"name":"wp","href":"https:\/\/api.w.org\/{rel}","templated":true}]}}