{"id":71287,"date":"2026-03-26T00:16:12","date_gmt":"2026-03-25T22:16:12","guid":{"rendered":"https:\/\/rezekne.citro.lv\/veikals\/sokolades-tafele-tumsa-sokolade-87-laima-lukss-90g\/"},"modified":"2026-04-18T06:02:17","modified_gmt":"2026-04-18T03:02:17","slug":"sokolades-tafele-tumsa-sokolade-87-laima-lukss-90g","status":"publish","type":"product","link":"https:\/\/rezekne.citro.lv\/ru\/product\/sokolades-tafele-tumsa-sokolade-87-laima-lukss-90g\/","title":{"rendered":"\u0160OKOL\u0100DES T\u0100FELE TUM\u0160\u0100 \u0160OKOL\u0100DE 87% LAIMA LUKSS 90G"},"content":{"rendered":"<p>Izcelsmes valsts: Igaunija<\/p>\n","protected":false},"excerpt":{"rendered":"<p>32.11 \u20ac\/KG<\/p>\n","protected":false},"featured_media":71778,"template":"","meta":{"_acf_changed":false,"inline_featured_image":false},"product_cat":[125,134],"product_tag":[],"acf":[],"aioseo_notices":[],"_links":{"self":[{"href":"https:\/\/rezekne.citro.lv\/ru\/wp-json\/wp\/v2\/product\/71287"}],"collection":[{"href":"https:\/\/rezekne.citro.lv\/ru\/wp-json\/wp\/v2\/product"}],"about":[{"href":"https:\/\/rezekne.citro.lv\/ru\/wp-json\/wp\/v2\/types\/product"}],"wp:featuredmedia":[{"embeddable":true,"href":"https:\/\/rezekne.citro.lv\/ru\/wp-json\/wp\/v2\/media\/71778"}],"wp:attachment":[{"href":"https:\/\/rezekne.citro.lv\/ru\/wp-json\/wp\/v2\/media?parent=71287"}],"wp:term":[{"taxonomy":"product_cat","embeddable":true,"href":"https:\/\/rezekne.citro.lv\/ru\/wp-json\/wp\/v2\/product_cat?post=71287"},{"taxonomy":"product_tag","embeddable":true,"href":"https:\/\/rezekne.citro.lv\/ru\/wp-json\/wp\/v2\/product_tag?post=71287"}],"curies":[{"name":"wp","href":"https:\/\/api.w.org\/{rel}","templated":true}]}}