{"id":71346,"date":"2026-03-26T00:19:16","date_gmt":"2026-03-25T22:19:16","guid":{"rendered":"https:\/\/rezekne.citro.lv\/veikals\/galetes-bruno-risu-ar-7-super-seklam-120g\/"},"modified":"2026-05-01T06:03:07","modified_gmt":"2026-05-01T03:03:07","slug":"galetes-bruno-risu-ar-7-super-seklam-120g","status":"publish","type":"product","link":"https:\/\/rezekne.citro.lv\/ru\/product\/galetes-bruno-risu-ar-7-super-seklam-120g\/","title":{"rendered":"GALETES BR\u016aNO R\u012aSU AR 7 SUPER S\u0112KL\u0100M 120G"},"content":{"rendered":"<p>Izcelsmes valsts: Bulg\u0101rija<\/p>\n","protected":false},"excerpt":{"rendered":"<p>12.42 \u20ac\/KG<\/p>\n","protected":false},"featured_media":71395,"template":"","meta":{"_acf_changed":false,"inline_featured_image":false},"product_cat":[215,563],"product_tag":[],"acf":[],"aioseo_notices":[],"_links":{"self":[{"href":"https:\/\/rezekne.citro.lv\/ru\/wp-json\/wp\/v2\/product\/71346"}],"collection":[{"href":"https:\/\/rezekne.citro.lv\/ru\/wp-json\/wp\/v2\/product"}],"about":[{"href":"https:\/\/rezekne.citro.lv\/ru\/wp-json\/wp\/v2\/types\/product"}],"wp:featuredmedia":[{"embeddable":true,"href":"https:\/\/rezekne.citro.lv\/ru\/wp-json\/wp\/v2\/media\/71395"}],"wp:attachment":[{"href":"https:\/\/rezekne.citro.lv\/ru\/wp-json\/wp\/v2\/media?parent=71346"}],"wp:term":[{"taxonomy":"product_cat","embeddable":true,"href":"https:\/\/rezekne.citro.lv\/ru\/wp-json\/wp\/v2\/product_cat?post=71346"},{"taxonomy":"product_tag","embeddable":true,"href":"https:\/\/rezekne.citro.lv\/ru\/wp-json\/wp\/v2\/product_tag?post=71346"}],"curies":[{"name":"wp","href":"https:\/\/api.w.org\/{rel}","templated":true}]}}