{"id":71356,"date":"2026-04-28T00:02:39","date_gmt":"2026-04-27T21:02:39","guid":{"rendered":"https:\/\/rezekne.citro.lv\/veikals\/galetes-bruno-risu-ar-melnajiem-risiem-bez-sals-120g\/"},"modified":"2026-04-28T00:02:44","modified_gmt":"2026-04-27T21:02:44","slug":"galetes-bruno-risu-ar-melnajiem-risiem-bez-sals-120g","status":"publish","type":"product","link":"https:\/\/rezekne.citro.lv\/ru\/product\/galetes-bruno-risu-ar-melnajiem-risiem-bez-sals-120g\/","title":{"rendered":"GALETES BR\u016aNO R\u012aSU AR MELNAJIEM R\u012aSIEM BEZ S\u0100LS 120G"},"content":{"rendered":"<p>Izcelsmes valsts: Bulg\u0101rija<\/p>\n","protected":false},"excerpt":{"rendered":"<p>9.08 \u20ac\/KG<\/p>\n","protected":false},"featured_media":71394,"template":"","meta":{"_acf_changed":false,"inline_featured_image":false},"product_cat":[215,563],"product_tag":[],"acf":[],"aioseo_notices":[],"_links":{"self":[{"href":"https:\/\/rezekne.citro.lv\/ru\/wp-json\/wp\/v2\/product\/71356"}],"collection":[{"href":"https:\/\/rezekne.citro.lv\/ru\/wp-json\/wp\/v2\/product"}],"about":[{"href":"https:\/\/rezekne.citro.lv\/ru\/wp-json\/wp\/v2\/types\/product"}],"wp:featuredmedia":[{"embeddable":true,"href":"https:\/\/rezekne.citro.lv\/ru\/wp-json\/wp\/v2\/media\/71394"}],"wp:attachment":[{"href":"https:\/\/rezekne.citro.lv\/ru\/wp-json\/wp\/v2\/media?parent=71356"}],"wp:term":[{"taxonomy":"product_cat","embeddable":true,"href":"https:\/\/rezekne.citro.lv\/ru\/wp-json\/wp\/v2\/product_cat?post=71356"},{"taxonomy":"product_tag","embeddable":true,"href":"https:\/\/rezekne.citro.lv\/ru\/wp-json\/wp\/v2\/product_tag?post=71356"}],"curies":[{"name":"wp","href":"https:\/\/api.w.org\/{rel}","templated":true}]}}