{"id":71375,"date":"2026-04-02T00:02:10","date_gmt":"2026-04-01T21:02:10","guid":{"rendered":"https:\/\/rezekne.citro.lv\/veikals\/klucisi-aizdedzinsanas-baltie-boomex-48gab\/"},"modified":"2026-04-02T00:02:14","modified_gmt":"2026-04-01T21:02:14","slug":"klucisi-aizdedzinsanas-baltie-boomex-48gab","status":"publish","type":"product","link":"https:\/\/rezekne.citro.lv\/ru\/product\/klucisi-aizdedzinsanas-baltie-boomex-48gab\/","title":{"rendered":"KLUC\u012a\u0160I AIZDEDZIN\u0160\u0100NAS BALTIE BOOMEX 48GAB"},"content":{"rendered":"","protected":false},"excerpt":{"rendered":"<p>0.03 \u20ac\/GAB<\/p>\n","protected":false},"featured_media":0,"template":"","meta":{"_acf_changed":false,"inline_featured_image":false},"product_cat":[131,183],"product_tag":[],"acf":[],"aioseo_notices":[],"_links":{"self":[{"href":"https:\/\/rezekne.citro.lv\/ru\/wp-json\/wp\/v2\/product\/71375"}],"collection":[{"href":"https:\/\/rezekne.citro.lv\/ru\/wp-json\/wp\/v2\/product"}],"about":[{"href":"https:\/\/rezekne.citro.lv\/ru\/wp-json\/wp\/v2\/types\/product"}],"wp:attachment":[{"href":"https:\/\/rezekne.citro.lv\/ru\/wp-json\/wp\/v2\/media?parent=71375"}],"wp:term":[{"taxonomy":"product_cat","embeddable":true,"href":"https:\/\/rezekne.citro.lv\/ru\/wp-json\/wp\/v2\/product_cat?post=71375"},{"taxonomy":"product_tag","embeddable":true,"href":"https:\/\/rezekne.citro.lv\/ru\/wp-json\/wp\/v2\/product_tag?post=71375"}],"curies":[{"name":"wp","href":"https:\/\/api.w.org\/{rel}","templated":true}]}}