{"id":71376,"date":"2025-08-14T01:00:01","date_gmt":"2025-08-13T22:00:01","guid":{"rendered":"https:\/\/rezekne.citro.lv\/veikals\/balzams-nivea-sensitive-pec-skusanas-100ml\/"},"modified":"2025-08-14T01:00:03","modified_gmt":"2025-08-13T22:00:03","slug":"balzams-nivea-sensitive-pec-skusanas-100ml","status":"publish","type":"product","link":"https:\/\/rezekne.citro.lv\/ru\/product\/balzams-nivea-sensitive-pec-skusanas-100ml\/","title":{"rendered":"BALZAMS NIVEA SENSITIVE P\u0112C SK\u016a\u0160AN\u0100S 100ML"},"content":{"rendered":"","protected":false},"excerpt":{"rendered":"<p>118.90 \u20ac\/L<\/p>\n","protected":false},"featured_media":71396,"template":"","meta":{"_acf_changed":false,"inline_featured_image":false},"product_cat":[127,170],"product_tag":[],"acf":[],"aioseo_notices":[],"_links":{"self":[{"href":"https:\/\/rezekne.citro.lv\/ru\/wp-json\/wp\/v2\/product\/71376"}],"collection":[{"href":"https:\/\/rezekne.citro.lv\/ru\/wp-json\/wp\/v2\/product"}],"about":[{"href":"https:\/\/rezekne.citro.lv\/ru\/wp-json\/wp\/v2\/types\/product"}],"wp:featuredmedia":[{"embeddable":true,"href":"https:\/\/rezekne.citro.lv\/ru\/wp-json\/wp\/v2\/media\/71396"}],"wp:attachment":[{"href":"https:\/\/rezekne.citro.lv\/ru\/wp-json\/wp\/v2\/media?parent=71376"}],"wp:term":[{"taxonomy":"product_cat","embeddable":true,"href":"https:\/\/rezekne.citro.lv\/ru\/wp-json\/wp\/v2\/product_cat?post=71376"},{"taxonomy":"product_tag","embeddable":true,"href":"https:\/\/rezekne.citro.lv\/ru\/wp-json\/wp\/v2\/product_tag?post=71376"}],"curies":[{"name":"wp","href":"https:\/\/api.w.org\/{rel}","templated":true}]}}