{"id":71378,"date":"2026-04-23T00:18:52","date_gmt":"2026-04-22T21:18:52","guid":{"rendered":"https:\/\/rezekne.citro.lv\/veikals\/garsv-maisijums-dip-merces-ar-sieru-16g\/"},"modified":"2026-04-23T00:18:53","modified_gmt":"2026-04-22T21:18:53","slug":"garsv-maisijums-dip-merces-ar-sieru-16g","status":"publish","type":"product","link":"https:\/\/rezekne.citro.lv\/ru\/product\/garsv-maisijums-dip-merces-ar-sieru-16g\/","title":{"rendered":"GAR\u0160V. MAIS\u012aJUMS DIP M\u0112RCES AR SIERU 16G"},"content":{"rendered":"<p>Izcelsmes valsts: Zviedrija<\/p>\n","protected":false},"excerpt":{"rendered":"<p>55.63 \u20ac\/KG<\/p>\n","protected":false},"featured_media":71770,"template":"","meta":{"_acf_changed":false,"inline_featured_image":false},"product_cat":[116,165],"product_tag":[],"acf":[],"aioseo_notices":[],"_links":{"self":[{"href":"https:\/\/rezekne.citro.lv\/ru\/wp-json\/wp\/v2\/product\/71378"}],"collection":[{"href":"https:\/\/rezekne.citro.lv\/ru\/wp-json\/wp\/v2\/product"}],"about":[{"href":"https:\/\/rezekne.citro.lv\/ru\/wp-json\/wp\/v2\/types\/product"}],"wp:featuredmedia":[{"embeddable":true,"href":"https:\/\/rezekne.citro.lv\/ru\/wp-json\/wp\/v2\/media\/71770"}],"wp:attachment":[{"href":"https:\/\/rezekne.citro.lv\/ru\/wp-json\/wp\/v2\/media?parent=71378"}],"wp:term":[{"taxonomy":"product_cat","embeddable":true,"href":"https:\/\/rezekne.citro.lv\/ru\/wp-json\/wp\/v2\/product_cat?post=71378"},{"taxonomy":"product_tag","embeddable":true,"href":"https:\/\/rezekne.citro.lv\/ru\/wp-json\/wp\/v2\/product_tag?post=71378"}],"curies":[{"name":"wp","href":"https:\/\/api.w.org\/{rel}","templated":true}]}}