{"id":71846,"date":"2026-04-22T00:02:38","date_gmt":"2026-04-21T21:02:38","guid":{"rendered":"https:\/\/rezekne.citro.lv\/veikals\/salmini-pienam-ar-koslajama-gumijas-garsu-30g\/"},"modified":"2026-04-22T00:02:39","modified_gmt":"2026-04-21T21:02:39","slug":"salmini-pienam-ar-koslajama-gumijas-garsu-30g","status":"publish","type":"product","link":"https:\/\/rezekne.citro.lv\/ru\/product\/salmini-pienam-ar-koslajama-gumijas-garsu-30g\/","title":{"rendered":"SALMI\u0145I PIENAM QUICK MILK  AR KO\u0160\u013b\u0100JAM\u0100 GUMIJAS GAR\u0160U 30G"},"content":{"rendered":"<p>Izcelsmes valsts: Ung\u0101rija<\/p>\n","protected":false},"excerpt":{"rendered":"<p>33.00 \u20ac\/KG<\/p>\n","protected":false},"featured_media":72188,"template":"","meta":{"_acf_changed":false,"inline_featured_image":false},"product_cat":[95,166],"product_tag":[],"acf":[],"aioseo_notices":[],"_links":{"self":[{"href":"https:\/\/rezekne.citro.lv\/ru\/wp-json\/wp\/v2\/product\/71846"}],"collection":[{"href":"https:\/\/rezekne.citro.lv\/ru\/wp-json\/wp\/v2\/product"}],"about":[{"href":"https:\/\/rezekne.citro.lv\/ru\/wp-json\/wp\/v2\/types\/product"}],"wp:featuredmedia":[{"embeddable":true,"href":"https:\/\/rezekne.citro.lv\/ru\/wp-json\/wp\/v2\/media\/72188"}],"wp:attachment":[{"href":"https:\/\/rezekne.citro.lv\/ru\/wp-json\/wp\/v2\/media?parent=71846"}],"wp:term":[{"taxonomy":"product_cat","embeddable":true,"href":"https:\/\/rezekne.citro.lv\/ru\/wp-json\/wp\/v2\/product_cat?post=71846"},{"taxonomy":"product_tag","embeddable":true,"href":"https:\/\/rezekne.citro.lv\/ru\/wp-json\/wp\/v2\/product_tag?post=71846"}],"curies":[{"name":"wp","href":"https:\/\/api.w.org\/{rel}","templated":true}]}}