{"id":72244,"date":"2026-04-23T00:02:44","date_gmt":"2026-04-22T21:02:44","guid":{"rendered":"https:\/\/rezekne.citro.lv\/veikals\/uzkoda-fudo-juraszalu-ar-juras-sali-5g\/"},"modified":"2026-05-08T06:00:29","modified_gmt":"2026-05-08T03:00:29","slug":"uzkoda-fudo-juraszalu-ar-juras-sali-5g","status":"publish","type":"product","link":"https:\/\/rezekne.citro.lv\/ru\/product\/uzkoda-fudo-juraszalu-ar-juras-sali-5g\/","title":{"rendered":"UZKODA FUDO J\u016aRASZ\u0100\u013bU AR J\u016aRAS S\u0100LI 5G"},"content":{"rendered":"<p>Izcelsmes valsts: Korejas Republika (Dienvidkoreja)[b]<\/p>\n","protected":false},"excerpt":{"rendered":"<p>130.00 \u20ac\/KG<\/p>\n","protected":false},"featured_media":72524,"template":"","meta":{"_acf_changed":false,"inline_featured_image":false},"product_cat":[116,237],"product_tag":[],"acf":[],"aioseo_notices":[],"_links":{"self":[{"href":"https:\/\/rezekne.citro.lv\/ru\/wp-json\/wp\/v2\/product\/72244"}],"collection":[{"href":"https:\/\/rezekne.citro.lv\/ru\/wp-json\/wp\/v2\/product"}],"about":[{"href":"https:\/\/rezekne.citro.lv\/ru\/wp-json\/wp\/v2\/types\/product"}],"wp:featuredmedia":[{"embeddable":true,"href":"https:\/\/rezekne.citro.lv\/ru\/wp-json\/wp\/v2\/media\/72524"}],"wp:attachment":[{"href":"https:\/\/rezekne.citro.lv\/ru\/wp-json\/wp\/v2\/media?parent=72244"}],"wp:term":[{"taxonomy":"product_cat","embeddable":true,"href":"https:\/\/rezekne.citro.lv\/ru\/wp-json\/wp\/v2\/product_cat?post=72244"},{"taxonomy":"product_tag","embeddable":true,"href":"https:\/\/rezekne.citro.lv\/ru\/wp-json\/wp\/v2\/product_tag?post=72244"}],"curies":[{"name":"wp","href":"https:\/\/api.w.org\/{rel}","templated":true}]}}