{"id":72252,"date":"2026-03-26T00:16:12","date_gmt":"2026-03-25T22:16:12","guid":{"rendered":"https:\/\/rezekne.citro.lv\/veikals\/paladzini-absorbejosie-seni-soft-super-40x60cm-5gab\/"},"modified":"2026-03-26T00:16:16","modified_gmt":"2026-03-25T22:16:16","slug":"paladzini-absorbejosie-seni-soft-super-40x60cm-5gab","status":"publish","type":"product","link":"https:\/\/rezekne.citro.lv\/ru\/product\/paladzini-absorbejosie-seni-soft-super-40x60cm-5gab\/","title":{"rendered":"PALADZI\u0145I ABSORB\u0112JO\u0160IE SENI SOFT SUPER 40X60CM 5GAB."},"content":{"rendered":"<p>Izcelsmes valsts: Polija<\/p>\n","protected":false},"excerpt":{"rendered":"<p>0.36 \u20ac\/GAB<\/p>\n","protected":false},"featured_media":72615,"template":"","meta":{"_acf_changed":false,"inline_featured_image":false},"product_cat":[172,189],"product_tag":[],"acf":[],"aioseo_notices":[],"_links":{"self":[{"href":"https:\/\/rezekne.citro.lv\/ru\/wp-json\/wp\/v2\/product\/72252"}],"collection":[{"href":"https:\/\/rezekne.citro.lv\/ru\/wp-json\/wp\/v2\/product"}],"about":[{"href":"https:\/\/rezekne.citro.lv\/ru\/wp-json\/wp\/v2\/types\/product"}],"wp:featuredmedia":[{"embeddable":true,"href":"https:\/\/rezekne.citro.lv\/ru\/wp-json\/wp\/v2\/media\/72615"}],"wp:attachment":[{"href":"https:\/\/rezekne.citro.lv\/ru\/wp-json\/wp\/v2\/media?parent=72252"}],"wp:term":[{"taxonomy":"product_cat","embeddable":true,"href":"https:\/\/rezekne.citro.lv\/ru\/wp-json\/wp\/v2\/product_cat?post=72252"},{"taxonomy":"product_tag","embeddable":true,"href":"https:\/\/rezekne.citro.lv\/ru\/wp-json\/wp\/v2\/product_tag?post=72252"}],"curies":[{"name":"wp","href":"https:\/\/api.w.org\/{rel}","templated":true}]}}