{"id":72773,"date":"2026-05-14T00:02:16","date_gmt":"2026-05-13T21:02:16","guid":{"rendered":"https:\/\/rezekne.citro.lv\/veikals\/lidzeklis-cobra-pret-rapojosiem-kukainiem-zala-400ml\/"},"modified":"2026-05-14T00:02:21","modified_gmt":"2026-05-13T21:02:21","slug":"lidzeklis-cobra-pret-rapojosiem-kukainiem-zala-400ml","status":"publish","type":"product","link":"https:\/\/rezekne.citro.lv\/ru\/product\/lidzeklis-cobra-pret-rapojosiem-kukainiem-zala-400ml\/","title":{"rendered":"L\u012aDZEKLIS COBRA PRET R\u0100POJO\u0160IEM KUKAI\u0145IEM ZA\u013bA 400ML"},"content":{"rendered":"","protected":false},"excerpt":{"rendered":"<p>6.98 \u20ac\/L<\/p>\n","protected":false},"featured_media":0,"template":"","meta":{"_acf_changed":false,"inline_featured_image":false},"product_cat":[131,169],"product_tag":[],"acf":[],"aioseo_notices":[],"_links":{"self":[{"href":"https:\/\/rezekne.citro.lv\/ru\/wp-json\/wp\/v2\/product\/72773"}],"collection":[{"href":"https:\/\/rezekne.citro.lv\/ru\/wp-json\/wp\/v2\/product"}],"about":[{"href":"https:\/\/rezekne.citro.lv\/ru\/wp-json\/wp\/v2\/types\/product"}],"wp:attachment":[{"href":"https:\/\/rezekne.citro.lv\/ru\/wp-json\/wp\/v2\/media?parent=72773"}],"wp:term":[{"taxonomy":"product_cat","embeddable":true,"href":"https:\/\/rezekne.citro.lv\/ru\/wp-json\/wp\/v2\/product_cat?post=72773"},{"taxonomy":"product_tag","embeddable":true,"href":"https:\/\/rezekne.citro.lv\/ru\/wp-json\/wp\/v2\/product_tag?post=72773"}],"curies":[{"name":"wp","href":"https:\/\/api.w.org\/{rel}","templated":true}]}}