{"id":72774,"date":"2025-04-18T00:12:18","date_gmt":"2025-04-17T21:12:18","guid":{"rendered":"https:\/\/rezekne.citro.lv\/veikals\/cepumi-hit-ar-salas-mandeles-kremu-220g\/"},"modified":"2025-04-19T07:03:26","modified_gmt":"2025-04-19T04:03:26","slug":"cepumi-hit-ar-salas-mandeles-kremu-220g","status":"publish","type":"product","link":"https:\/\/rezekne.citro.lv\/ru\/product\/cepumi-hit-ar-salas-mandeles-kremu-220g\/","title":{"rendered":"CEPUMI HIT AR S\u0100\u013b\u0100S MANDELES KR\u0112MU 220G"},"content":{"rendered":"<p>Izcelsmes valsts: Polija<\/p>\n","protected":false},"excerpt":{"rendered":"<p>9.50 \u20ac\/KG<\/p>\n","protected":false},"featured_media":73258,"template":"","meta":{"_acf_changed":false,"inline_featured_image":false},"product_cat":[125,139],"product_tag":[],"acf":[],"aioseo_notices":[],"_links":{"self":[{"href":"https:\/\/rezekne.citro.lv\/ru\/wp-json\/wp\/v2\/product\/72774"}],"collection":[{"href":"https:\/\/rezekne.citro.lv\/ru\/wp-json\/wp\/v2\/product"}],"about":[{"href":"https:\/\/rezekne.citro.lv\/ru\/wp-json\/wp\/v2\/types\/product"}],"wp:featuredmedia":[{"embeddable":true,"href":"https:\/\/rezekne.citro.lv\/ru\/wp-json\/wp\/v2\/media\/73258"}],"wp:attachment":[{"href":"https:\/\/rezekne.citro.lv\/ru\/wp-json\/wp\/v2\/media?parent=72774"}],"wp:term":[{"taxonomy":"product_cat","embeddable":true,"href":"https:\/\/rezekne.citro.lv\/ru\/wp-json\/wp\/v2\/product_cat?post=72774"},{"taxonomy":"product_tag","embeddable":true,"href":"https:\/\/rezekne.citro.lv\/ru\/wp-json\/wp\/v2\/product_tag?post=72774"}],"curies":[{"name":"wp","href":"https:\/\/api.w.org\/{rel}","templated":true}]}}