{"id":72779,"date":"2026-04-23T00:33:22","date_gmt":"2026-04-22T21:33:22","guid":{"rendered":"https:\/\/rezekne.citro.lv\/veikals\/zemesrieksti-jega-kraukskiga-apvalka-ar-salsas-garsu-200g\/"},"modified":"2026-05-02T06:03:54","modified_gmt":"2026-05-02T03:03:54","slug":"zemesrieksti-jega-kraukskiga-apvalka-ar-salsas-garsu-200g","status":"publish","type":"product","link":"https:\/\/rezekne.citro.lv\/ru\/product\/zemesrieksti-jega-kraukskiga-apvalka-ar-salsas-garsu-200g\/","title":{"rendered":"ZEMESRIEKSTI JEGA KRAUK\u0160\u0136\u012aG\u0100 APVALK\u0100 AR SALSAS GAR\u0160U 200G"},"content":{"rendered":"<p>Izcelsmes valsts: Lietuva<\/p>\n","protected":false},"excerpt":{"rendered":"<p>7.95 \u20ac\/KG<\/p>\n","protected":false},"featured_media":73269,"template":"","meta":{"_acf_changed":false,"inline_featured_image":false},"product_cat":[125,202],"product_tag":[],"acf":[],"aioseo_notices":[],"_links":{"self":[{"href":"https:\/\/rezekne.citro.lv\/ru\/wp-json\/wp\/v2\/product\/72779"}],"collection":[{"href":"https:\/\/rezekne.citro.lv\/ru\/wp-json\/wp\/v2\/product"}],"about":[{"href":"https:\/\/rezekne.citro.lv\/ru\/wp-json\/wp\/v2\/types\/product"}],"wp:featuredmedia":[{"embeddable":true,"href":"https:\/\/rezekne.citro.lv\/ru\/wp-json\/wp\/v2\/media\/73269"}],"wp:attachment":[{"href":"https:\/\/rezekne.citro.lv\/ru\/wp-json\/wp\/v2\/media?parent=72779"}],"wp:term":[{"taxonomy":"product_cat","embeddable":true,"href":"https:\/\/rezekne.citro.lv\/ru\/wp-json\/wp\/v2\/product_cat?post=72779"},{"taxonomy":"product_tag","embeddable":true,"href":"https:\/\/rezekne.citro.lv\/ru\/wp-json\/wp\/v2\/product_tag?post=72779"}],"curies":[{"name":"wp","href":"https:\/\/api.w.org\/{rel}","templated":true}]}}