{"id":72781,"date":"2026-04-23T00:33:22","date_gmt":"2026-04-22T21:33:22","guid":{"rendered":"https:\/\/rezekne.citro.lv\/veikals\/kartupelu-biezenis-knorr-ar-sieru-un-brokoliem-50g\/"},"modified":"2026-04-30T06:03:32","modified_gmt":"2026-04-30T03:03:32","slug":"kartupelu-biezenis-knorr-ar-sieru-un-brokoliem-50g","status":"publish","type":"product","link":"https:\/\/rezekne.citro.lv\/ru\/product\/kartupelu-biezenis-knorr-ar-sieru-un-brokoliem-50g\/","title":{"rendered":"KARTUPE\u013bU BIEZENIS KNORR AR SIERU UN BROKO\u013bIEM 50G"},"content":{"rendered":"<p>Izcelsmes valsts: V\u0101cija<\/p>\n","protected":false},"excerpt":{"rendered":"<p>35.80 \u20ac\/KG<\/p>\n","protected":false},"featured_media":74008,"template":"","meta":{"_acf_changed":false,"inline_featured_image":false},"product_cat":[111,211],"product_tag":[],"acf":[],"aioseo_notices":[],"_links":{"self":[{"href":"https:\/\/rezekne.citro.lv\/ru\/wp-json\/wp\/v2\/product\/72781"}],"collection":[{"href":"https:\/\/rezekne.citro.lv\/ru\/wp-json\/wp\/v2\/product"}],"about":[{"href":"https:\/\/rezekne.citro.lv\/ru\/wp-json\/wp\/v2\/types\/product"}],"wp:featuredmedia":[{"embeddable":true,"href":"https:\/\/rezekne.citro.lv\/ru\/wp-json\/wp\/v2\/media\/74008"}],"wp:attachment":[{"href":"https:\/\/rezekne.citro.lv\/ru\/wp-json\/wp\/v2\/media?parent=72781"}],"wp:term":[{"taxonomy":"product_cat","embeddable":true,"href":"https:\/\/rezekne.citro.lv\/ru\/wp-json\/wp\/v2\/product_cat?post=72781"},{"taxonomy":"product_tag","embeddable":true,"href":"https:\/\/rezekne.citro.lv\/ru\/wp-json\/wp\/v2\/product_tag?post=72781"}],"curies":[{"name":"wp","href":"https:\/\/api.w.org\/{rel}","templated":true}]}}