{"id":72889,"date":"2026-04-23T00:33:00","date_gmt":"2026-04-22T21:33:00","guid":{"rendered":"https:\/\/rezekne.citro.lv\/veikals\/salati-surimi-nujinu-un-kinas-kapostu-citro-sver\/"},"modified":"2026-04-27T06:03:07","modified_gmt":"2026-04-27T03:03:07","slug":"salati-surimi-nujinu-un-kinas-kapostu-citro-sver","status":"publish","type":"product","link":"https:\/\/rezekne.citro.lv\/ru\/product\/salati-surimi-nujinu-un-kinas-kapostu-citro-sver\/","title":{"rendered":"SAL\u0100TI SURIMI N\u016aJI\u0145U UN \u0136\u012aNAS K\u0100POSTU CITRO SVER."},"content":{"rendered":"<p>Izcelsmes valsts: Latvija<br \/> Sast\u0101vda\u013cas: \u0137\u012bnas k\u0101posti36%: surimi n\u016bji\u0146as20%{\u016bdens, SURIMI 22% ((ZIVJU ga\u013ca , stabiliz\u0113t\u0101ji: sorb\u012bts,difosf\u0101ti, trifosf\u0101ti, polifosf\u0101ti, cukurs), ciete(satur KVIE\u0160US), augu e\u013c\u013ca, OLAS BALTUMS, SOJAS olbaltumvielas, cukurs, s\u0101ls, gar\u0161as  pastiprin\u0101t\u0101ji:E 621,E627, E631, kr\u0101svielas(E120,E160c), aromatiz\u0113t\u0101js. Var satur\u0113t V\u0112\u017dVEID\u012aGOS, MOLUSKUS, PIENU\/LAKTOZI, SEL\u0112RIJU, SINEPES})): majon\u0113ze ((saulespu\u0137u e\u013c\u013ca , dzeramais \u016bdens,cukurs,  OLU dzeltenums, v\u0101r\u0101m\u0101 s\u0101ls,emulgators(ciete), sk\u0101buma regul\u0113t\u0101ji (eti\u0137sk\u0101be, citronsk\u0101be),dabiskas izcelsmes stabilizatori(ksant\u0101na sve\u0137i), konservants (k\u0101lija sorb\u0101ts), aromatiz\u0113t\u0101js SINEPES, antioksidants(E385), dabig\u0101 kr\u0101sviela (B- karot\u012bns)):gur\u0137i: kukur\u016bza konserv\u0113ta  (kukur\u016bza,\u016bdens, s\u0101ls): s\u0101ls Uzglab\u0101\u0161anas temperat\u016bra,+2-+6C Inform\u0101cija par uzturv\u0113rt\u012bbu: 100 g produkta satur: ener\u0123\u0113tisk\u0101 v\u0113rt\u012bba 653 kJ \/ 158kcal; tauki 14.1g, tostarp pies\u0101tin\u0101t\u0101s tauksk\u0101bes 1.5g; og\u013chidr\u0101ti 5.4g, tostarp cukuri 1.9g; \u0161\u0137iedrvielas 0.2g; olbaltumvielas 2.2g; s\u0101ls 0.7g.Ra\u017eot\u0101js: SIA Lekon, Varo\u0146u iela 36b, R\u0113zekne<\/p>\n","protected":false},"excerpt":{"rendered":"<p>5.09 \u20ac\/KG<\/p>\n","protected":false},"featured_media":72921,"template":"","meta":{"_acf_changed":false,"inline_featured_image":false},"product_cat":[113,212],"product_tag":[],"acf":[],"aioseo_notices":[],"_links":{"self":[{"href":"https:\/\/rezekne.citro.lv\/ru\/wp-json\/wp\/v2\/product\/72889"}],"collection":[{"href":"https:\/\/rezekne.citro.lv\/ru\/wp-json\/wp\/v2\/product"}],"about":[{"href":"https:\/\/rezekne.citro.lv\/ru\/wp-json\/wp\/v2\/types\/product"}],"wp:featuredmedia":[{"embeddable":true,"href":"https:\/\/rezekne.citro.lv\/ru\/wp-json\/wp\/v2\/media\/72921"}],"wp:attachment":[{"href":"https:\/\/rezekne.citro.lv\/ru\/wp-json\/wp\/v2\/media?parent=72889"}],"wp:term":[{"taxonomy":"product_cat","embeddable":true,"href":"https:\/\/rezekne.citro.lv\/ru\/wp-json\/wp\/v2\/product_cat?post=72889"},{"taxonomy":"product_tag","embeddable":true,"href":"https:\/\/rezekne.citro.lv\/ru\/wp-json\/wp\/v2\/product_tag?post=72889"}],"curies":[{"name":"wp","href":"https:\/\/api.w.org\/{rel}","templated":true}]}}