{"id":72952,"date":"2026-03-26T00:16:45","date_gmt":"2026-03-25T22:16:45","guid":{"rendered":"https:\/\/rezekne.citro.lv\/veikals\/seklas-saulespuku-lobitas-ceptas-ar-bekona-garsu-80g\/"},"modified":"2026-05-01T06:02:16","modified_gmt":"2026-05-01T03:02:16","slug":"seklas-saulespuku-lobitas-ceptas-ar-bekona-garsu-80g","status":"publish","type":"product","link":"https:\/\/rezekne.citro.lv\/ru\/product\/seklas-saulespuku-lobitas-ceptas-ar-bekona-garsu-80g\/","title":{"rendered":"S\u0112KLAS SAULESPU\u0136U LOB\u012aTAS CEPTAS AR BEKONA GAR\u0160U 80G"},"content":{"rendered":"<p>Izcelsmes valsts: Ukraina<\/p>\n","protected":false},"excerpt":{"rendered":"<p>16.13 \u20ac\/KG<\/p>\n","protected":false},"featured_media":73365,"template":"","meta":{"_acf_changed":false,"inline_featured_image":false},"product_cat":[125,197],"product_tag":[],"acf":[],"aioseo_notices":[],"_links":{"self":[{"href":"https:\/\/rezekne.citro.lv\/ru\/wp-json\/wp\/v2\/product\/72952"}],"collection":[{"href":"https:\/\/rezekne.citro.lv\/ru\/wp-json\/wp\/v2\/product"}],"about":[{"href":"https:\/\/rezekne.citro.lv\/ru\/wp-json\/wp\/v2\/types\/product"}],"wp:featuredmedia":[{"embeddable":true,"href":"https:\/\/rezekne.citro.lv\/ru\/wp-json\/wp\/v2\/media\/73365"}],"wp:attachment":[{"href":"https:\/\/rezekne.citro.lv\/ru\/wp-json\/wp\/v2\/media?parent=72952"}],"wp:term":[{"taxonomy":"product_cat","embeddable":true,"href":"https:\/\/rezekne.citro.lv\/ru\/wp-json\/wp\/v2\/product_cat?post=72952"},{"taxonomy":"product_tag","embeddable":true,"href":"https:\/\/rezekne.citro.lv\/ru\/wp-json\/wp\/v2\/product_tag?post=72952"}],"curies":[{"name":"wp","href":"https:\/\/api.w.org\/{rel}","templated":true}]}}