{"id":72953,"date":"2026-03-26T00:16:45","date_gmt":"2026-03-25T22:16:45","guid":{"rendered":"https:\/\/rezekne.citro.lv\/veikals\/garsv-sm-vistas-galas-bez-pievienota-sals-37g\/"},"modified":"2026-04-12T06:02:17","modified_gmt":"2026-04-12T03:02:17","slug":"garsv-sm-vistas-galas-bez-pievienota-sals-37g","status":"publish","type":"product","link":"https:\/\/rezekne.citro.lv\/ru\/product\/garsv-sm-vistas-galas-bez-pievienota-sals-37g\/","title":{"rendered":"GAR\u0160V.SM VISTAS GA\u013bAS BEZ PIEVIENOTA S\u0100LS 37G"},"content":{"rendered":"<p>Izcelsmes valsts: Igaunija<\/p>\n","protected":false},"excerpt":{"rendered":"<p>63.51 \u20ac\/KG<\/p>\n","protected":false},"featured_media":91366,"template":"","meta":{"_acf_changed":false,"inline_featured_image":false},"product_cat":[116,165],"product_tag":[],"acf":[],"aioseo_notices":[],"_links":{"self":[{"href":"https:\/\/rezekne.citro.lv\/ru\/wp-json\/wp\/v2\/product\/72953"}],"collection":[{"href":"https:\/\/rezekne.citro.lv\/ru\/wp-json\/wp\/v2\/product"}],"about":[{"href":"https:\/\/rezekne.citro.lv\/ru\/wp-json\/wp\/v2\/types\/product"}],"wp:featuredmedia":[{"embeddable":true,"href":"https:\/\/rezekne.citro.lv\/ru\/wp-json\/wp\/v2\/media\/91366"}],"wp:attachment":[{"href":"https:\/\/rezekne.citro.lv\/ru\/wp-json\/wp\/v2\/media?parent=72953"}],"wp:term":[{"taxonomy":"product_cat","embeddable":true,"href":"https:\/\/rezekne.citro.lv\/ru\/wp-json\/wp\/v2\/product_cat?post=72953"},{"taxonomy":"product_tag","embeddable":true,"href":"https:\/\/rezekne.citro.lv\/ru\/wp-json\/wp\/v2\/product_tag?post=72953"}],"curies":[{"name":"wp","href":"https:\/\/api.w.org\/{rel}","templated":true}]}}