{"id":72956,"date":"2026-05-07T00:03:18","date_gmt":"2026-05-06T21:03:18","guid":{"rendered":"https:\/\/rezekne.citro.lv\/veikals\/zemesrieksti-lobiti-grauzdeti-salie-500g-alisco\/"},"modified":"2026-05-14T06:02:17","modified_gmt":"2026-05-14T03:02:17","slug":"zemesrieksti-lobiti-grauzdeti-salie-500g-alisco","status":"publish","type":"product","link":"https:\/\/rezekne.citro.lv\/ru\/product\/zemesrieksti-lobiti-grauzdeti-salie-500g-alisco\/","title":{"rendered":"ZEMESRIEKSTI LOB\u012aTI GRAUZD\u0112TI S\u0100\u013bIE 500G ALISCO"},"content":{"rendered":"<p>Izcelsmes valsts: Valsts \u2013 nav zi\u0146u<\/p>\n","protected":false},"excerpt":{"rendered":"<p>4.18 \u20ac\/KG<\/p>\n","protected":false},"featured_media":73363,"template":"","meta":{"_acf_changed":false,"inline_featured_image":false},"product_cat":[125,202],"product_tag":[],"acf":[],"aioseo_notices":[],"_links":{"self":[{"href":"https:\/\/rezekne.citro.lv\/ru\/wp-json\/wp\/v2\/product\/72956"}],"collection":[{"href":"https:\/\/rezekne.citro.lv\/ru\/wp-json\/wp\/v2\/product"}],"about":[{"href":"https:\/\/rezekne.citro.lv\/ru\/wp-json\/wp\/v2\/types\/product"}],"wp:featuredmedia":[{"embeddable":true,"href":"https:\/\/rezekne.citro.lv\/ru\/wp-json\/wp\/v2\/media\/73363"}],"wp:attachment":[{"href":"https:\/\/rezekne.citro.lv\/ru\/wp-json\/wp\/v2\/media?parent=72956"}],"wp:term":[{"taxonomy":"product_cat","embeddable":true,"href":"https:\/\/rezekne.citro.lv\/ru\/wp-json\/wp\/v2\/product_cat?post=72956"},{"taxonomy":"product_tag","embeddable":true,"href":"https:\/\/rezekne.citro.lv\/ru\/wp-json\/wp\/v2\/product_tag?post=72956"}],"curies":[{"name":"wp","href":"https:\/\/api.w.org\/{rel}","templated":true}]}}