{"id":72959,"date":"2026-03-26T00:16:45","date_gmt":"2026-03-25T22:16:45","guid":{"rendered":"https:\/\/rezekne.citro.lv\/veikals\/kronis-zupa-senu-solanka-440g\/"},"modified":"2026-04-17T12:02:39","modified_gmt":"2026-04-17T09:02:39","slug":"kronis-zupa-senu-solanka-440g","status":"publish","type":"product","link":"https:\/\/rezekne.citro.lv\/ru\/product\/kronis-zupa-senu-solanka-440g\/","title":{"rendered":"KRONIS ZUPA S\u0112\u0145U SO\u013bANKA 440G"},"content":{"rendered":"<p>Izcelsmes valsts: Latvija<\/p>\n","protected":false},"excerpt":{"rendered":"<p>4.52 \u20ac\/KG<\/p>\n","protected":false},"featured_media":74868,"template":"","meta":{"_acf_changed":false,"inline_featured_image":false},"product_cat":[103,137],"product_tag":[],"acf":[],"aioseo_notices":[],"_links":{"self":[{"href":"https:\/\/rezekne.citro.lv\/ru\/wp-json\/wp\/v2\/product\/72959"}],"collection":[{"href":"https:\/\/rezekne.citro.lv\/ru\/wp-json\/wp\/v2\/product"}],"about":[{"href":"https:\/\/rezekne.citro.lv\/ru\/wp-json\/wp\/v2\/types\/product"}],"wp:featuredmedia":[{"embeddable":true,"href":"https:\/\/rezekne.citro.lv\/ru\/wp-json\/wp\/v2\/media\/74868"}],"wp:attachment":[{"href":"https:\/\/rezekne.citro.lv\/ru\/wp-json\/wp\/v2\/media?parent=72959"}],"wp:term":[{"taxonomy":"product_cat","embeddable":true,"href":"https:\/\/rezekne.citro.lv\/ru\/wp-json\/wp\/v2\/product_cat?post=72959"},{"taxonomy":"product_tag","embeddable":true,"href":"https:\/\/rezekne.citro.lv\/ru\/wp-json\/wp\/v2\/product_tag?post=72959"}],"curies":[{"name":"wp","href":"https:\/\/api.w.org\/{rel}","templated":true}]}}