{"id":72962,"date":"2026-02-05T00:02:24","date_gmt":"2026-02-04T22:02:24","guid":{"rendered":"https:\/\/rezekne.citro.lv\/veikals\/lazdu-rieksti-lobiti-alis-co-300g\/"},"modified":"2026-04-14T12:00:10","modified_gmt":"2026-04-14T09:00:10","slug":"lazdu-rieksti-lobiti-alis-co-300g","status":"publish","type":"product","link":"https:\/\/rezekne.citro.lv\/ru\/product\/lazdu-rieksti-lobiti-alis-co-300g\/","title":{"rendered":"LAZDU RIEKSTI LOB\u012aTI ALIS CO 300G"},"content":{"rendered":"<p>Izcelsmes valsts: Azerbaid\u017e\u0101na<\/p>\n","protected":false},"excerpt":{"rendered":"<p>29.97 \u20ac\/KG<\/p>\n","protected":false},"featured_media":79843,"template":"","meta":{"_acf_changed":false,"inline_featured_image":false},"product_cat":[125,202],"product_tag":[],"acf":[],"aioseo_notices":[],"_links":{"self":[{"href":"https:\/\/rezekne.citro.lv\/ru\/wp-json\/wp\/v2\/product\/72962"}],"collection":[{"href":"https:\/\/rezekne.citro.lv\/ru\/wp-json\/wp\/v2\/product"}],"about":[{"href":"https:\/\/rezekne.citro.lv\/ru\/wp-json\/wp\/v2\/types\/product"}],"wp:featuredmedia":[{"embeddable":true,"href":"https:\/\/rezekne.citro.lv\/ru\/wp-json\/wp\/v2\/media\/79843"}],"wp:attachment":[{"href":"https:\/\/rezekne.citro.lv\/ru\/wp-json\/wp\/v2\/media?parent=72962"}],"wp:term":[{"taxonomy":"product_cat","embeddable":true,"href":"https:\/\/rezekne.citro.lv\/ru\/wp-json\/wp\/v2\/product_cat?post=72962"},{"taxonomy":"product_tag","embeddable":true,"href":"https:\/\/rezekne.citro.lv\/ru\/wp-json\/wp\/v2\/product_tag?post=72962"}],"curies":[{"name":"wp","href":"https:\/\/api.w.org\/{rel}","templated":true}]}}