{"id":72963,"date":"2026-01-02T00:15:29","date_gmt":"2026-01-01T22:15:29","guid":{"rendered":"https:\/\/rezekne.citro.lv\/veikals\/koslajama-gumija-orbit-watermelon-14g\/"},"modified":"2026-04-21T06:02:09","modified_gmt":"2026-04-21T03:02:09","slug":"koslajama-gumija-orbit-watermelon-14g","status":"publish","type":"product","link":"https:\/\/rezekne.citro.lv\/ru\/product\/koslajama-gumija-orbit-watermelon-14g\/","title":{"rendered":"KO\u0160\u013b\u0100JAM\u0100 GUMIJA ORBIT WATERMELON 14G"},"content":{"rendered":"<p>Izcelsmes valsts: Polija<\/p>\n","protected":false},"excerpt":{"rendered":"<p>70.71 \u20ac\/KG<\/p>\n","protected":false},"featured_media":73361,"template":"","meta":{"_acf_changed":false,"inline_featured_image":false},"product_cat":[125,365],"product_tag":[],"acf":[],"aioseo_notices":[],"_links":{"self":[{"href":"https:\/\/rezekne.citro.lv\/ru\/wp-json\/wp\/v2\/product\/72963"}],"collection":[{"href":"https:\/\/rezekne.citro.lv\/ru\/wp-json\/wp\/v2\/product"}],"about":[{"href":"https:\/\/rezekne.citro.lv\/ru\/wp-json\/wp\/v2\/types\/product"}],"wp:featuredmedia":[{"embeddable":true,"href":"https:\/\/rezekne.citro.lv\/ru\/wp-json\/wp\/v2\/media\/73361"}],"wp:attachment":[{"href":"https:\/\/rezekne.citro.lv\/ru\/wp-json\/wp\/v2\/media?parent=72963"}],"wp:term":[{"taxonomy":"product_cat","embeddable":true,"href":"https:\/\/rezekne.citro.lv\/ru\/wp-json\/wp\/v2\/product_cat?post=72963"},{"taxonomy":"product_tag","embeddable":true,"href":"https:\/\/rezekne.citro.lv\/ru\/wp-json\/wp\/v2\/product_tag?post=72963"}],"curies":[{"name":"wp","href":"https:\/\/api.w.org\/{rel}","templated":true}]}}