{"id":72977,"date":"2025-06-19T01:16:24","date_gmt":"2025-06-18T22:16:24","guid":{"rendered":"https:\/\/rezekne.citro.lv\/veikals\/batonins-musli-axa-ar-jogurtu-un-tropiskjiem-augliem-25g\/"},"modified":"2025-10-06T06:28:07","modified_gmt":"2025-10-06T03:28:07","slug":"batonins-musli-axa-ar-jogurtu-un-tropiskjiem-augliem-25g","status":"publish","type":"product","link":"https:\/\/rezekne.citro.lv\/ru\/product\/batonins-musli-axa-ar-jogurtu-un-tropiskjiem-augliem-25g\/","title":{"rendered":"BATONI\u0145\u0160 MUSLI AXA AR JOGURTU UN TROPISKJIEM AUG\u013bIEM 25G"},"content":{"rendered":"<p>Izcelsmes valsts: Ukraina<\/p>\n","protected":false},"excerpt":{"rendered":"<p>18.00 \u20ac\/KG<\/p>\n","protected":false},"featured_media":0,"template":"","meta":{"_acf_changed":false,"inline_featured_image":false},"product_cat":[125,126],"product_tag":[],"acf":[],"aioseo_notices":[],"_links":{"self":[{"href":"https:\/\/rezekne.citro.lv\/ru\/wp-json\/wp\/v2\/product\/72977"}],"collection":[{"href":"https:\/\/rezekne.citro.lv\/ru\/wp-json\/wp\/v2\/product"}],"about":[{"href":"https:\/\/rezekne.citro.lv\/ru\/wp-json\/wp\/v2\/types\/product"}],"wp:attachment":[{"href":"https:\/\/rezekne.citro.lv\/ru\/wp-json\/wp\/v2\/media?parent=72977"}],"wp:term":[{"taxonomy":"product_cat","embeddable":true,"href":"https:\/\/rezekne.citro.lv\/ru\/wp-json\/wp\/v2\/product_cat?post=72977"},{"taxonomy":"product_tag","embeddable":true,"href":"https:\/\/rezekne.citro.lv\/ru\/wp-json\/wp\/v2\/product_tag?post=72977"}],"curies":[{"name":"wp","href":"https:\/\/api.w.org\/{rel}","templated":true}]}}