{"id":73002,"date":"2024-10-01T00:10:54","date_gmt":"2024-09-30T21:10:54","guid":{"rendered":"https:\/\/rezekne.citro.lv\/veikals\/maisijums-salais-riekstu-alus-mix-1kg\/"},"modified":"2024-10-01T00:10:55","modified_gmt":"2024-09-30T21:10:55","slug":"maisijums-salais-riekstu-alus-mix-1kg","status":"publish","type":"product","link":"https:\/\/rezekne.citro.lv\/ru\/product\/maisijums-salais-riekstu-alus-mix-1kg\/","title":{"rendered":"MAIS\u012aJUMS S\u0100\u013bAIS RIEKSTU ALUS MIX 1KG"},"content":{"rendered":"<p>Izcelsmes valsts: Latvija<\/p>\n","protected":false},"excerpt":{"rendered":"<p>14.99 \u20ac\/KG<\/p>\n","protected":false},"featured_media":0,"template":"","meta":{"_acf_changed":false,"inline_featured_image":false},"product_cat":[125,202],"product_tag":[],"acf":[],"aioseo_notices":[],"_links":{"self":[{"href":"https:\/\/rezekne.citro.lv\/ru\/wp-json\/wp\/v2\/product\/73002"}],"collection":[{"href":"https:\/\/rezekne.citro.lv\/ru\/wp-json\/wp\/v2\/product"}],"about":[{"href":"https:\/\/rezekne.citro.lv\/ru\/wp-json\/wp\/v2\/types\/product"}],"wp:attachment":[{"href":"https:\/\/rezekne.citro.lv\/ru\/wp-json\/wp\/v2\/media?parent=73002"}],"wp:term":[{"taxonomy":"product_cat","embeddable":true,"href":"https:\/\/rezekne.citro.lv\/ru\/wp-json\/wp\/v2\/product_cat?post=73002"},{"taxonomy":"product_tag","embeddable":true,"href":"https:\/\/rezekne.citro.lv\/ru\/wp-json\/wp\/v2\/product_tag?post=73002"}],"curies":[{"name":"wp","href":"https:\/\/api.w.org\/{rel}","templated":true}]}}