{"id":73005,"date":"2026-03-31T00:02:01","date_gmt":"2026-03-30T21:02:01","guid":{"rendered":"https:\/\/rezekne.citro.lv\/veikals\/skusanas-putas-gillette-series-sensitive-soothing-with-aloe-vera-200ml\/"},"modified":"2026-03-31T00:02:10","modified_gmt":"2026-03-30T21:02:10","slug":"skusanas-putas-gillette-series-sensitive-soothing-with-aloe-vera-200ml","status":"publish","type":"product","link":"https:\/\/rezekne.citro.lv\/ru\/product\/skusanas-putas-gillette-series-sensitive-soothing-with-aloe-vera-200ml\/","title":{"rendered":"SK\u016a\u0160AN\u0100S PUTAS GILLETTE SERIES SENSITIVE SOOTHING WITH ALOE VERA 200ML"},"content":{"rendered":"","protected":false},"excerpt":{"rendered":"<p>14.95 \u20ac\/L<\/p>\n","protected":false},"featured_media":0,"template":"","meta":{"_acf_changed":false,"inline_featured_image":false},"product_cat":[127,170],"product_tag":[],"acf":[],"aioseo_notices":[],"_links":{"self":[{"href":"https:\/\/rezekne.citro.lv\/ru\/wp-json\/wp\/v2\/product\/73005"}],"collection":[{"href":"https:\/\/rezekne.citro.lv\/ru\/wp-json\/wp\/v2\/product"}],"about":[{"href":"https:\/\/rezekne.citro.lv\/ru\/wp-json\/wp\/v2\/types\/product"}],"wp:attachment":[{"href":"https:\/\/rezekne.citro.lv\/ru\/wp-json\/wp\/v2\/media?parent=73005"}],"wp:term":[{"taxonomy":"product_cat","embeddable":true,"href":"https:\/\/rezekne.citro.lv\/ru\/wp-json\/wp\/v2\/product_cat?post=73005"},{"taxonomy":"product_tag","embeddable":true,"href":"https:\/\/rezekne.citro.lv\/ru\/wp-json\/wp\/v2\/product_tag?post=73005"}],"curies":[{"name":"wp","href":"https:\/\/api.w.org\/{rel}","templated":true}]}}