{"id":73011,"date":"2026-04-23T00:17:11","date_gmt":"2026-04-22T21:17:11","guid":{"rendered":"https:\/\/rezekne.citro.lv\/veikals\/zemesrieksti-grauzdeti-saliti-crunchy-nuts-arimex-175g\/"},"modified":"2026-04-23T00:17:13","modified_gmt":"2026-04-22T21:17:13","slug":"zemesrieksti-grauzdeti-saliti-crunchy-nuts-arimex-175g","status":"publish","type":"product","link":"https:\/\/rezekne.citro.lv\/ru\/product\/zemesrieksti-grauzdeti-saliti-crunchy-nuts-arimex-175g\/","title":{"rendered":"ZEMESRIEKSTI GRAUZD\u0112TI S\u0100L\u012aTI CRUNCHY NUTS ARIMEX 175G"},"content":{"rendered":"<p>Izcelsmes valsts: Lietuva<\/p>\n","protected":false},"excerpt":{"rendered":"<p>11.37 \u20ac\/KG<\/p>\n","protected":false},"featured_media":79804,"template":"","meta":{"_acf_changed":false,"inline_featured_image":false},"product_cat":[125,202],"product_tag":[],"acf":[],"aioseo_notices":[],"_links":{"self":[{"href":"https:\/\/rezekne.citro.lv\/ru\/wp-json\/wp\/v2\/product\/73011"}],"collection":[{"href":"https:\/\/rezekne.citro.lv\/ru\/wp-json\/wp\/v2\/product"}],"about":[{"href":"https:\/\/rezekne.citro.lv\/ru\/wp-json\/wp\/v2\/types\/product"}],"wp:featuredmedia":[{"embeddable":true,"href":"https:\/\/rezekne.citro.lv\/ru\/wp-json\/wp\/v2\/media\/79804"}],"wp:attachment":[{"href":"https:\/\/rezekne.citro.lv\/ru\/wp-json\/wp\/v2\/media?parent=73011"}],"wp:term":[{"taxonomy":"product_cat","embeddable":true,"href":"https:\/\/rezekne.citro.lv\/ru\/wp-json\/wp\/v2\/product_cat?post=73011"},{"taxonomy":"product_tag","embeddable":true,"href":"https:\/\/rezekne.citro.lv\/ru\/wp-json\/wp\/v2\/product_tag?post=73011"}],"curies":[{"name":"wp","href":"https:\/\/api.w.org\/{rel}","templated":true}]}}