{"id":73014,"date":"2025-09-11T01:04:48","date_gmt":"2025-09-10T22:04:48","guid":{"rendered":"https:\/\/rezekne.citro.lv\/veikals\/muspapirs-bros-rullisos-4gab\/"},"modified":"2026-04-10T18:00:13","modified_gmt":"2026-04-10T15:00:13","slug":"muspapirs-bros-rullisos-4gab","status":"publish","type":"product","link":"https:\/\/rezekne.citro.lv\/ru\/product\/muspapirs-bros-rullisos-4gab\/","title":{"rendered":"MU\u0160PAP\u012aRS BROS RULL\u012a\u0160OS 4GAB."},"content":{"rendered":"<p>Izcelsmes valsts:<\/p>\n","protected":false},"excerpt":{"rendered":"<p>0.55 \u20ac\/GAB<\/p>\n","protected":false},"featured_media":0,"template":"","meta":{"_acf_changed":false,"inline_featured_image":false},"product_cat":[131,169],"product_tag":[],"acf":[],"aioseo_notices":[],"_links":{"self":[{"href":"https:\/\/rezekne.citro.lv\/ru\/wp-json\/wp\/v2\/product\/73014"}],"collection":[{"href":"https:\/\/rezekne.citro.lv\/ru\/wp-json\/wp\/v2\/product"}],"about":[{"href":"https:\/\/rezekne.citro.lv\/ru\/wp-json\/wp\/v2\/types\/product"}],"wp:attachment":[{"href":"https:\/\/rezekne.citro.lv\/ru\/wp-json\/wp\/v2\/media?parent=73014"}],"wp:term":[{"taxonomy":"product_cat","embeddable":true,"href":"https:\/\/rezekne.citro.lv\/ru\/wp-json\/wp\/v2\/product_cat?post=73014"},{"taxonomy":"product_tag","embeddable":true,"href":"https:\/\/rezekne.citro.lv\/ru\/wp-json\/wp\/v2\/product_tag?post=73014"}],"curies":[{"name":"wp","href":"https:\/\/api.w.org\/{rel}","templated":true}]}}