{"id":73015,"date":"2025-09-11T01:04:48","date_gmt":"2025-09-10T22:04:48","guid":{"rendered":"https:\/\/rezekne.citro.lv\/veikals\/tiklins-logam-bros-130x150cm\/"},"modified":"2026-04-10T18:00:13","modified_gmt":"2026-04-10T15:00:13","slug":"tiklins-logam-bros-130x150cm","status":"publish","type":"product","link":"https:\/\/rezekne.citro.lv\/ru\/product\/tiklins-logam-bros-130x150cm\/","title":{"rendered":"T\u012aKLI\u0145\u0160 LOGAM BROS 130X150CM"},"content":{"rendered":"<p>Izcelsmes valsts:<\/p>\n","protected":false},"excerpt":{"rendered":"<p>Izcelsmes valsts:<\/p>\n","protected":false},"featured_media":0,"template":"","meta":{"_acf_changed":false,"inline_featured_image":false},"product_cat":[131,198],"product_tag":[],"acf":[],"aioseo_notices":[],"_links":{"self":[{"href":"https:\/\/rezekne.citro.lv\/ru\/wp-json\/wp\/v2\/product\/73015"}],"collection":[{"href":"https:\/\/rezekne.citro.lv\/ru\/wp-json\/wp\/v2\/product"}],"about":[{"href":"https:\/\/rezekne.citro.lv\/ru\/wp-json\/wp\/v2\/types\/product"}],"wp:attachment":[{"href":"https:\/\/rezekne.citro.lv\/ru\/wp-json\/wp\/v2\/media?parent=73015"}],"wp:term":[{"taxonomy":"product_cat","embeddable":true,"href":"https:\/\/rezekne.citro.lv\/ru\/wp-json\/wp\/v2\/product_cat?post=73015"},{"taxonomy":"product_tag","embeddable":true,"href":"https:\/\/rezekne.citro.lv\/ru\/wp-json\/wp\/v2\/product_tag?post=73015"}],"curies":[{"name":"wp","href":"https:\/\/api.w.org\/{rel}","templated":true}]}}