{"id":73019,"date":"2025-09-11T01:04:48","date_gmt":"2025-09-10T22:04:48","guid":{"rendered":"https:\/\/rezekne.citro.lv\/veikals\/insekticidi-bros-skidrums-pret-odiem-un-ercem-50ml\/"},"modified":"2025-09-11T01:04:55","modified_gmt":"2025-09-10T22:04:55","slug":"insekticidi-bros-skidrums-pret-odiem-un-ercem-50ml","status":"publish","type":"product","link":"https:\/\/rezekne.citro.lv\/ru\/product\/insekticidi-bros-skidrums-pret-odiem-un-ercem-50ml\/","title":{"rendered":"INSEKTIC\u012aDI BROS \u0160\u0136IDRUMS PRET ODIEM UN \u0112RC\u0112M 50ML"},"content":{"rendered":"<p>Izcelsmes valsts:<\/p>\n","protected":false},"excerpt":{"rendered":"<p>73.80 \u20ac\/L<\/p>\n","protected":false},"featured_media":0,"template":"","meta":{"_acf_changed":false,"inline_featured_image":false},"product_cat":[131,169],"product_tag":[],"acf":[],"aioseo_notices":[],"_links":{"self":[{"href":"https:\/\/rezekne.citro.lv\/ru\/wp-json\/wp\/v2\/product\/73019"}],"collection":[{"href":"https:\/\/rezekne.citro.lv\/ru\/wp-json\/wp\/v2\/product"}],"about":[{"href":"https:\/\/rezekne.citro.lv\/ru\/wp-json\/wp\/v2\/types\/product"}],"wp:attachment":[{"href":"https:\/\/rezekne.citro.lv\/ru\/wp-json\/wp\/v2\/media?parent=73019"}],"wp:term":[{"taxonomy":"product_cat","embeddable":true,"href":"https:\/\/rezekne.citro.lv\/ru\/wp-json\/wp\/v2\/product_cat?post=73019"},{"taxonomy":"product_tag","embeddable":true,"href":"https:\/\/rezekne.citro.lv\/ru\/wp-json\/wp\/v2\/product_tag?post=73019"}],"curies":[{"name":"wp","href":"https:\/\/api.w.org\/{rel}","templated":true}]}}