{"id":73023,"date":"2024-11-02T00:11:00","date_gmt":"2024-11-01T22:11:00","guid":{"rendered":"https:\/\/rezekne.citro.lv\/veikals\/svetku-maisijums-ar-kokosriekstu-gabaliniem-sokolade-ratnajs-510g\/"},"modified":"2024-12-01T23:00:05","modified_gmt":"2024-12-01T21:00:05","slug":"svetku-maisijums-ar-kokosriekstu-gabaliniem-sokolade-ratnajs-510g","status":"publish","type":"product","link":"https:\/\/rezekne.citro.lv\/ru\/product\/svetku-maisijums-ar-kokosriekstu-gabaliniem-sokolade-ratnajs-510g\/","title":{"rendered":"SV\u0112TKU MAIS\u012aJUMS AR KOKOSRIEKSTU GABALI\u0145IEM \u0160OKOL\u0100D\u0112 R\u0100TNAJS 510G"},"content":{"rendered":"<p>Izcelsmes valsts: Latvija<\/p>\n","protected":false},"excerpt":{"rendered":"<p>19.59 \u20ac\/KG<\/p>\n","protected":false},"featured_media":0,"template":"","meta":{"_acf_changed":false,"inline_featured_image":false},"product_cat":[116,237],"product_tag":[],"acf":[],"aioseo_notices":[],"_links":{"self":[{"href":"https:\/\/rezekne.citro.lv\/ru\/wp-json\/wp\/v2\/product\/73023"}],"collection":[{"href":"https:\/\/rezekne.citro.lv\/ru\/wp-json\/wp\/v2\/product"}],"about":[{"href":"https:\/\/rezekne.citro.lv\/ru\/wp-json\/wp\/v2\/types\/product"}],"wp:attachment":[{"href":"https:\/\/rezekne.citro.lv\/ru\/wp-json\/wp\/v2\/media?parent=73023"}],"wp:term":[{"taxonomy":"product_cat","embeddable":true,"href":"https:\/\/rezekne.citro.lv\/ru\/wp-json\/wp\/v2\/product_cat?post=73023"},{"taxonomy":"product_tag","embeddable":true,"href":"https:\/\/rezekne.citro.lv\/ru\/wp-json\/wp\/v2\/product_tag?post=73023"}],"curies":[{"name":"wp","href":"https:\/\/api.w.org\/{rel}","templated":true}]}}