{"id":73024,"date":"2026-04-23T00:17:11","date_gmt":"2026-04-22T21:17:11","guid":{"rendered":"https:\/\/rezekne.citro.lv\/veikals\/lidzeklis-pec-kukainu-kodumiem-bros-gels-50ml\/"},"modified":"2026-04-23T00:17:16","modified_gmt":"2026-04-22T21:17:16","slug":"lidzeklis-pec-kukainu-kodumiem-bros-gels-50ml","status":"publish","type":"product","link":"https:\/\/rezekne.citro.lv\/ru\/product\/lidzeklis-pec-kukainu-kodumiem-bros-gels-50ml\/","title":{"rendered":"L\u012aDZEKLIS P\u0112C KUKAI\u0145U KODUMIEM BROS G\u0112LS 50ML"},"content":{"rendered":"<p>Izcelsmes valsts:<\/p>\n","protected":false},"excerpt":{"rendered":"<p>59.80 \u20ac\/L<\/p>\n","protected":false},"featured_media":0,"template":"","meta":{"_acf_changed":false,"inline_featured_image":false},"product_cat":[131,169],"product_tag":[],"acf":[],"aioseo_notices":[],"_links":{"self":[{"href":"https:\/\/rezekne.citro.lv\/ru\/wp-json\/wp\/v2\/product\/73024"}],"collection":[{"href":"https:\/\/rezekne.citro.lv\/ru\/wp-json\/wp\/v2\/product"}],"about":[{"href":"https:\/\/rezekne.citro.lv\/ru\/wp-json\/wp\/v2\/types\/product"}],"wp:attachment":[{"href":"https:\/\/rezekne.citro.lv\/ru\/wp-json\/wp\/v2\/media?parent=73024"}],"wp:term":[{"taxonomy":"product_cat","embeddable":true,"href":"https:\/\/rezekne.citro.lv\/ru\/wp-json\/wp\/v2\/product_cat?post=73024"},{"taxonomy":"product_tag","embeddable":true,"href":"https:\/\/rezekne.citro.lv\/ru\/wp-json\/wp\/v2\/product_tag?post=73024"}],"curies":[{"name":"wp","href":"https:\/\/api.w.org\/{rel}","templated":true}]}}