{"id":73033,"date":"2026-03-26T00:16:58","date_gmt":"2026-03-25T22:16:58","guid":{"rendered":"https:\/\/rezekne.citro.lv\/veikals\/lupatinas-toke-universalas-3gab\/"},"modified":"2026-03-26T00:17:01","modified_gmt":"2026-03-25T22:17:01","slug":"lupatinas-toke-universalas-3gab","status":"publish","type":"product","link":"https:\/\/rezekne.citro.lv\/ru\/product\/lupatinas-toke-universalas-3gab\/","title":{"rendered":"LUPATI\u0145AS TOKE UNIVERS\u0100L\u0100S 3GAB"},"content":{"rendered":"","protected":false},"excerpt":{"rendered":"<p>0.30 \u20ac\/GAB<\/p>\n","protected":false},"featured_media":5858,"template":"","meta":{"_acf_changed":false,"inline_featured_image":false},"product_cat":[131,132],"product_tag":[],"acf":[],"aioseo_notices":[],"_links":{"self":[{"href":"https:\/\/rezekne.citro.lv\/ru\/wp-json\/wp\/v2\/product\/73033"}],"collection":[{"href":"https:\/\/rezekne.citro.lv\/ru\/wp-json\/wp\/v2\/product"}],"about":[{"href":"https:\/\/rezekne.citro.lv\/ru\/wp-json\/wp\/v2\/types\/product"}],"wp:featuredmedia":[{"embeddable":true,"href":"https:\/\/rezekne.citro.lv\/ru\/wp-json\/wp\/v2\/media\/5858"}],"wp:attachment":[{"href":"https:\/\/rezekne.citro.lv\/ru\/wp-json\/wp\/v2\/media?parent=73033"}],"wp:term":[{"taxonomy":"product_cat","embeddable":true,"href":"https:\/\/rezekne.citro.lv\/ru\/wp-json\/wp\/v2\/product_cat?post=73033"},{"taxonomy":"product_tag","embeddable":true,"href":"https:\/\/rezekne.citro.lv\/ru\/wp-json\/wp\/v2\/product_tag?post=73033"}],"curies":[{"name":"wp","href":"https:\/\/api.w.org\/{rel}","templated":true}]}}