{"id":73036,"date":"2026-01-29T00:15:39","date_gmt":"2026-01-28T22:15:39","guid":{"rendered":"https:\/\/rezekne.citro.lv\/veikals\/balzams-matiem-mandelu-ella-500ml\/"},"modified":"2026-01-29T00:15:45","modified_gmt":"2026-01-28T22:15:45","slug":"balzams-matiem-mandelu-ella-500ml","status":"publish","type":"product","link":"https:\/\/rezekne.citro.lv\/ru\/product\/balzams-matiem-mandelu-ella-500ml\/","title":{"rendered":"BALZAMS MATIEM MANDE\u013bU E\u013b\u013bA 500ML"},"content":{"rendered":"","protected":false},"excerpt":{"rendered":"<p>5.98 \u20ac\/L<\/p>\n","protected":false},"featured_media":0,"template":"","meta":{"_acf_changed":false,"inline_featured_image":false},"product_cat":[127,160],"product_tag":[],"acf":[],"aioseo_notices":[],"_links":{"self":[{"href":"https:\/\/rezekne.citro.lv\/ru\/wp-json\/wp\/v2\/product\/73036"}],"collection":[{"href":"https:\/\/rezekne.citro.lv\/ru\/wp-json\/wp\/v2\/product"}],"about":[{"href":"https:\/\/rezekne.citro.lv\/ru\/wp-json\/wp\/v2\/types\/product"}],"wp:attachment":[{"href":"https:\/\/rezekne.citro.lv\/ru\/wp-json\/wp\/v2\/media?parent=73036"}],"wp:term":[{"taxonomy":"product_cat","embeddable":true,"href":"https:\/\/rezekne.citro.lv\/ru\/wp-json\/wp\/v2\/product_cat?post=73036"},{"taxonomy":"product_tag","embeddable":true,"href":"https:\/\/rezekne.citro.lv\/ru\/wp-json\/wp\/v2\/product_tag?post=73036"}],"curies":[{"name":"wp","href":"https:\/\/api.w.org\/{rel}","templated":true}]}}