{"id":73041,"date":"2026-04-02T00:02:10","date_gmt":"2026-04-01T21:02:10","guid":{"rendered":"https:\/\/rezekne.citro.lv\/veikals\/godzi-ogas-zelta-rieksts-kaltetas-100g-gemoss\/"},"modified":"2026-04-02T00:02:16","modified_gmt":"2026-04-01T21:02:16","slug":"godzi-ogas-zelta-rieksts-kaltetas-100g-gemoss","status":"publish","type":"product","link":"https:\/\/rezekne.citro.lv\/ru\/product\/godzi-ogas-zelta-rieksts-kaltetas-100g-gemoss\/","title":{"rendered":"GOD\u017dI OGAS ZELTA RIEKSTS KALT\u0112T\u0100S 100G GEMOSS"},"content":{"rendered":"<p>Izcelsmes valsts: \u0136\u012bna<\/p>\n","protected":false},"excerpt":{"rendered":"<p>15.90 \u20ac\/KG<\/p>\n","protected":false},"featured_media":74912,"template":"","meta":{"_acf_changed":false,"inline_featured_image":false},"product_cat":[125,543],"product_tag":[],"acf":[],"aioseo_notices":[],"_links":{"self":[{"href":"https:\/\/rezekne.citro.lv\/ru\/wp-json\/wp\/v2\/product\/73041"}],"collection":[{"href":"https:\/\/rezekne.citro.lv\/ru\/wp-json\/wp\/v2\/product"}],"about":[{"href":"https:\/\/rezekne.citro.lv\/ru\/wp-json\/wp\/v2\/types\/product"}],"wp:featuredmedia":[{"embeddable":true,"href":"https:\/\/rezekne.citro.lv\/ru\/wp-json\/wp\/v2\/media\/74912"}],"wp:attachment":[{"href":"https:\/\/rezekne.citro.lv\/ru\/wp-json\/wp\/v2\/media?parent=73041"}],"wp:term":[{"taxonomy":"product_cat","embeddable":true,"href":"https:\/\/rezekne.citro.lv\/ru\/wp-json\/wp\/v2\/product_cat?post=73041"},{"taxonomy":"product_tag","embeddable":true,"href":"https:\/\/rezekne.citro.lv\/ru\/wp-json\/wp\/v2\/product_tag?post=73041"}],"curies":[{"name":"wp","href":"https:\/\/api.w.org\/{rel}","templated":true}]}}