{"id":73051,"date":"2026-03-26T00:17:05","date_gmt":"2026-03-25T22:17:05","guid":{"rendered":"https:\/\/rezekne.citro.lv\/veikals\/seklas-saulespuku-lobitas-ceptas-ar-siera-garsu-80g\/"},"modified":"2026-04-30T06:01:55","modified_gmt":"2026-04-30T03:01:55","slug":"seklas-saulespuku-lobitas-ceptas-ar-siera-garsu-80g","status":"publish","type":"product","link":"https:\/\/rezekne.citro.lv\/ru\/product\/seklas-saulespuku-lobitas-ceptas-ar-siera-garsu-80g\/","title":{"rendered":"S\u0112KLAS SAULESPU\u0136U LOB\u012aTAS CEPTAS AR SIERA GAR\u0160U 80G"},"content":{"rendered":"<p>Izcelsmes valsts: Ukraina<\/p>\n","protected":false},"excerpt":{"rendered":"<p>16.13 \u20ac\/KG<\/p>\n","protected":false},"featured_media":73338,"template":"","meta":{"_acf_changed":false,"inline_featured_image":false},"product_cat":[125,197],"product_tag":[],"acf":[],"aioseo_notices":[],"_links":{"self":[{"href":"https:\/\/rezekne.citro.lv\/ru\/wp-json\/wp\/v2\/product\/73051"}],"collection":[{"href":"https:\/\/rezekne.citro.lv\/ru\/wp-json\/wp\/v2\/product"}],"about":[{"href":"https:\/\/rezekne.citro.lv\/ru\/wp-json\/wp\/v2\/types\/product"}],"wp:featuredmedia":[{"embeddable":true,"href":"https:\/\/rezekne.citro.lv\/ru\/wp-json\/wp\/v2\/media\/73338"}],"wp:attachment":[{"href":"https:\/\/rezekne.citro.lv\/ru\/wp-json\/wp\/v2\/media?parent=73051"}],"wp:term":[{"taxonomy":"product_cat","embeddable":true,"href":"https:\/\/rezekne.citro.lv\/ru\/wp-json\/wp\/v2\/product_cat?post=73051"},{"taxonomy":"product_tag","embeddable":true,"href":"https:\/\/rezekne.citro.lv\/ru\/wp-json\/wp\/v2\/product_tag?post=73051"}],"curies":[{"name":"wp","href":"https:\/\/api.w.org\/{rel}","templated":true}]}}