{"id":73058,"date":"2026-04-09T00:05:59","date_gmt":"2026-04-08T21:05:59","guid":{"rendered":"https:\/\/rezekne.citro.lv\/veikals\/sals-roza-himalaju-ar-chipotle-pipariem-dzirnavinas-300g\/"},"modified":"2026-04-20T06:03:44","modified_gmt":"2026-04-20T03:03:44","slug":"sals-roza-himalaju-ar-chipotle-pipariem-dzirnavinas-300g","status":"publish","type":"product","link":"https:\/\/rezekne.citro.lv\/ru\/product\/sals-roza-himalaju-ar-chipotle-pipariem-dzirnavinas-300g\/","title":{"rendered":"S\u0100LS ROZ\u0100  HIMALAJU AR CHIPOTLE PIPARIEM DZIRNAVI\u0145\u0100S 300G"},"content":{"rendered":"<p>Izcelsmes valsts: Pakist\u0101na<\/p>\n","protected":false},"excerpt":{"rendered":"<p>19.97 \u20ac\/KG<\/p>\n","protected":false},"featured_media":0,"template":"","meta":{"_acf_changed":false,"inline_featured_image":false},"product_cat":[116,117],"product_tag":[],"acf":[],"aioseo_notices":[],"_links":{"self":[{"href":"https:\/\/rezekne.citro.lv\/ru\/wp-json\/wp\/v2\/product\/73058"}],"collection":[{"href":"https:\/\/rezekne.citro.lv\/ru\/wp-json\/wp\/v2\/product"}],"about":[{"href":"https:\/\/rezekne.citro.lv\/ru\/wp-json\/wp\/v2\/types\/product"}],"wp:attachment":[{"href":"https:\/\/rezekne.citro.lv\/ru\/wp-json\/wp\/v2\/media?parent=73058"}],"wp:term":[{"taxonomy":"product_cat","embeddable":true,"href":"https:\/\/rezekne.citro.lv\/ru\/wp-json\/wp\/v2\/product_cat?post=73058"},{"taxonomy":"product_tag","embeddable":true,"href":"https:\/\/rezekne.citro.lv\/ru\/wp-json\/wp\/v2\/product_tag?post=73058"}],"curies":[{"name":"wp","href":"https:\/\/api.w.org\/{rel}","templated":true}]}}