{"id":73059,"date":"2026-04-23T00:17:18","date_gmt":"2026-04-22T21:17:18","guid":{"rendered":"https:\/\/rezekne.citro.lv\/veikals\/krems-roku-ar-smiltserksku-ellu-100ml\/"},"modified":"2026-05-03T06:02:02","modified_gmt":"2026-05-03T03:02:02","slug":"krems-roku-ar-smiltserksku-ellu-100ml","status":"publish","type":"product","link":"https:\/\/rezekne.citro.lv\/ru\/product\/krems-roku-ar-smiltserksku-ellu-100ml\/","title":{"rendered":"KR\u0112MS ROKU AR SMILTS\u0112RK\u0160\u0136U E\u013b\u013bU 100ML"},"content":{"rendered":"<p>Izcelsmes valsts:<\/p>\n","protected":false},"excerpt":{"rendered":"<p>15.90 \u20ac\/L<\/p>\n","protected":false},"featured_media":73336,"template":"","meta":{"_acf_changed":false,"inline_featured_image":false},"product_cat":[127,129],"product_tag":[],"acf":[],"aioseo_notices":[],"_links":{"self":[{"href":"https:\/\/rezekne.citro.lv\/ru\/wp-json\/wp\/v2\/product\/73059"}],"collection":[{"href":"https:\/\/rezekne.citro.lv\/ru\/wp-json\/wp\/v2\/product"}],"about":[{"href":"https:\/\/rezekne.citro.lv\/ru\/wp-json\/wp\/v2\/types\/product"}],"wp:featuredmedia":[{"embeddable":true,"href":"https:\/\/rezekne.citro.lv\/ru\/wp-json\/wp\/v2\/media\/73336"}],"wp:attachment":[{"href":"https:\/\/rezekne.citro.lv\/ru\/wp-json\/wp\/v2\/media?parent=73059"}],"wp:term":[{"taxonomy":"product_cat","embeddable":true,"href":"https:\/\/rezekne.citro.lv\/ru\/wp-json\/wp\/v2\/product_cat?post=73059"},{"taxonomy":"product_tag","embeddable":true,"href":"https:\/\/rezekne.citro.lv\/ru\/wp-json\/wp\/v2\/product_tag?post=73059"}],"curies":[{"name":"wp","href":"https:\/\/api.w.org\/{rel}","templated":true}]}}