{"id":73068,"date":"2026-04-23T00:17:25","date_gmt":"2026-04-22T21:17:25","guid":{"rendered":"https:\/\/rezekne.citro.lv\/veikals\/konfektes-koslajamas-ar-auglu-garsu-110g\/"},"modified":"2026-05-02T06:02:20","modified_gmt":"2026-05-02T03:02:20","slug":"konfektes-koslajamas-ar-auglu-garsu-110g","status":"publish","type":"product","link":"https:\/\/rezekne.citro.lv\/ru\/product\/konfektes-koslajamas-ar-auglu-garsu-110g\/","title":{"rendered":"KONFEKTES KO\u0160\u013b\u0100JAM\u0100S AR AUG\u013bU GAR\u0160U 110G"},"content":{"rendered":"<p>Izcelsmes valsts: Igaunija<\/p>\n","protected":false},"excerpt":{"rendered":"<p>10.82 \u20ac\/KG<\/p>\n","protected":false},"featured_media":73332,"template":"","meta":{"_acf_changed":false,"inline_featured_image":false},"product_cat":[125,201],"product_tag":[],"acf":[],"aioseo_notices":[],"_links":{"self":[{"href":"https:\/\/rezekne.citro.lv\/ru\/wp-json\/wp\/v2\/product\/73068"}],"collection":[{"href":"https:\/\/rezekne.citro.lv\/ru\/wp-json\/wp\/v2\/product"}],"about":[{"href":"https:\/\/rezekne.citro.lv\/ru\/wp-json\/wp\/v2\/types\/product"}],"wp:featuredmedia":[{"embeddable":true,"href":"https:\/\/rezekne.citro.lv\/ru\/wp-json\/wp\/v2\/media\/73332"}],"wp:attachment":[{"href":"https:\/\/rezekne.citro.lv\/ru\/wp-json\/wp\/v2\/media?parent=73068"}],"wp:term":[{"taxonomy":"product_cat","embeddable":true,"href":"https:\/\/rezekne.citro.lv\/ru\/wp-json\/wp\/v2\/product_cat?post=73068"},{"taxonomy":"product_tag","embeddable":true,"href":"https:\/\/rezekne.citro.lv\/ru\/wp-json\/wp\/v2\/product_tag?post=73068"}],"curies":[{"name":"wp","href":"https:\/\/api.w.org\/{rel}","templated":true}]}}