{"id":73081,"date":"2026-04-28T00:02:15","date_gmt":"2026-04-27T21:02:15","guid":{"rendered":"https:\/\/rezekne.citro.lv\/veikals\/valrieksti-lobitie-500g-alisco\/"},"modified":"2026-04-28T00:02:17","modified_gmt":"2026-04-27T21:02:17","slug":"valrieksti-lobitie-500g-alisco","status":"publish","type":"product","link":"https:\/\/rezekne.citro.lv\/ru\/product\/valrieksti-lobitie-500g-alisco\/","title":{"rendered":"VALRIEKSTI LOB\u012aTIE 500G ALISCO"},"content":{"rendered":"<p>Izcelsmes valsts: \u0136\u012bna<\/p>\n","protected":false},"excerpt":{"rendered":"<p>15.98 \u20ac\/KG<\/p>\n","protected":false},"featured_media":73325,"template":"","meta":{"_acf_changed":false,"inline_featured_image":false},"product_cat":[125,202],"product_tag":[],"acf":[],"aioseo_notices":[],"_links":{"self":[{"href":"https:\/\/rezekne.citro.lv\/ru\/wp-json\/wp\/v2\/product\/73081"}],"collection":[{"href":"https:\/\/rezekne.citro.lv\/ru\/wp-json\/wp\/v2\/product"}],"about":[{"href":"https:\/\/rezekne.citro.lv\/ru\/wp-json\/wp\/v2\/types\/product"}],"wp:featuredmedia":[{"embeddable":true,"href":"https:\/\/rezekne.citro.lv\/ru\/wp-json\/wp\/v2\/media\/73325"}],"wp:attachment":[{"href":"https:\/\/rezekne.citro.lv\/ru\/wp-json\/wp\/v2\/media?parent=73081"}],"wp:term":[{"taxonomy":"product_cat","embeddable":true,"href":"https:\/\/rezekne.citro.lv\/ru\/wp-json\/wp\/v2\/product_cat?post=73081"},{"taxonomy":"product_tag","embeddable":true,"href":"https:\/\/rezekne.citro.lv\/ru\/wp-json\/wp\/v2\/product_tag?post=73081"}],"curies":[{"name":"wp","href":"https:\/\/api.w.org\/{rel}","templated":true}]}}